{"id":3527,"date":"2025-06-28T01:09:06","date_gmt":"2025-06-28T01:09:06","guid":{"rendered":"https:\/\/www.xn--quesospealajo-pkb.com\/?post_type=product&#038;p=3527"},"modified":"2025-06-28T01:11:36","modified_gmt":"2025-06-28T01:11:36","slug":"gorra-espana","status":"publish","type":"product","link":"https:\/\/www.xn--quesospealajo-pkb.com\/index.php\/product\/gorra-espana\/","title":{"rendered":"GORRA ESPA\u00d1A"},"content":{"rendered":"<p>Gorra de color negro-azulado. Bandera de Espa\u00f1a bordada. Visera curva con 6 costuras. 6 paneles, bot\u00f3n superior.<\/p>\n<ul>\n<li>Cierre de velcro ajustable<\/li>\n<li>100% algod\u00f3n<\/li>\n<li>Agujeros de ventilaci\u00f3n bordados<\/li>\n<\/ul>\n","protected":false},"excerpt":{"rendered":"<p>Gorra de color negro-azulado. Bandera de Espa\u00f1a bordada. Visera curva con 6 costuras. 6 paneles, bot\u00f3n superior.<\/p>\n","protected":false},"featured_media":3532,"comment_status":"open","ping_status":"closed","template":"","meta":[],"product_cat":[77],"product_tag":[],"class_list":{"0":"post-3527","1":"product","2":"type-product","3":"status-publish","4":"has-post-thumbnail","6":"product_cat-regalos","8":"first","9":"instock","10":"shipping-taxable","11":"purchasable","12":"product-type-simple"},"yoast_head":"<!-- This site is optimized with the Yoast SEO plugin v24.1 - https:\/\/yoast.com\/wordpress\/plugins\/seo\/ -->\n<title>GORRA ESPA\u00d1A - PE\u00d1ALAJO<\/title>\n<meta name=\"robots\" content=\"index, follow, max-snippet:-1, max-image-preview:large, max-video-preview:-1\" \/>\n<link rel=\"canonical\" href=\"https:\/\/www.xn--quesospealajo-pkb.com\/index.php\/product\/gorra-espana\/\" \/>\n<meta property=\"og:locale\" content=\"es_ES\" \/>\n<meta property=\"og:type\" content=\"article\" \/>\n<meta property=\"og:title\" content=\"GORRA ESPA\u00d1A - PE\u00d1ALAJO\" \/>\n<meta property=\"og:description\" content=\"Gorra de color negro-azulado. Bandera de Espa\u00f1a bordada. Visera curva con 6 costuras. 6 paneles, bot\u00f3n superior.\" \/>\n<meta property=\"og:url\" content=\"https:\/\/www.xn--quesospealajo-pkb.com\/index.php\/product\/gorra-espana\/\" \/>\n<meta property=\"og:site_name\" content=\"PE\u00d1ALAJO\" \/>\n<meta property=\"article:publisher\" content=\"https:\/\/www.facebook.com\/p\/Quesos-PealajoQueso-Manchego-Artesano-100052597345109\" \/>\n<meta property=\"article:modified_time\" content=\"2025-06-28T01:11:36+00:00\" \/>\n<meta property=\"og:image\" content=\"https:\/\/www.xn--quesospealajo-pkb.com\/wp-content\/uploads\/2025\/06\/GORRA-ESPANA-5.jpg\" \/>\n\t<meta property=\"og:image:width\" content=\"761\" \/>\n\t<meta property=\"og:image:height\" content=\"968\" \/>\n\t<meta property=\"og:image:type\" content=\"image\/jpeg\" \/>\n<meta name=\"twitter:card\" content=\"summary_large_image\" \/>\n<meta name=\"twitter:label1\" content=\"Tiempo de lectura\" \/>\n\t<meta name=\"twitter:data1\" content=\"1 minuto\" \/>\n<script type=\"application\/ld+json\" class=\"yoast-schema-graph\">{\"@context\":\"https:\/\/schema.org\",\"@graph\":[{\"@type\":\"WebPage\",\"@id\":\"https:\/\/www.xn--quesospealajo-pkb.com\/index.php\/product\/gorra-espana\/\",\"url\":\"https:\/\/www.xn--quesospealajo-pkb.com\/index.php\/product\/gorra-espana\/\",\"name\":\"GORRA ESPA\u00d1A - PE\u00d1ALAJO\",\"isPartOf\":{\"@id\":\"https:\/\/www.xn--quesospealajo-pkb.com\/#website\"},\"primaryImageOfPage\":{\"@id\":\"https:\/\/www.xn--quesospealajo-pkb.com\/index.php\/product\/gorra-espana\/#primaryimage\"},\"image\":{\"@id\":\"https:\/\/www.xn--quesospealajo-pkb.com\/index.php\/product\/gorra-espana\/#primaryimage\"},\"thumbnailUrl\":\"https:\/\/www.xn--quesospealajo-pkb.com\/wp-content\/uploads\/2025\/06\/GORRA-ESPANA-5.jpg\",\"datePublished\":\"2025-06-28T01:09:06+00:00\",\"dateModified\":\"2025-06-28T01:11:36+00:00\",\"breadcrumb\":{\"@id\":\"https:\/\/www.xn--quesospealajo-pkb.com\/index.php\/product\/gorra-espana\/#breadcrumb\"},\"inLanguage\":\"es\",\"potentialAction\":[{\"@type\":\"ReadAction\",\"target\":[\"https:\/\/www.xn--quesospealajo-pkb.com\/index.php\/product\/gorra-espana\/\"]}]},{\"@type\":\"ImageObject\",\"inLanguage\":\"es\",\"@id\":\"https:\/\/www.xn--quesospealajo-pkb.com\/index.php\/product\/gorra-espana\/#primaryimage\",\"url\":\"https:\/\/www.xn--quesospealajo-pkb.com\/wp-content\/uploads\/2025\/06\/GORRA-ESPANA-5.jpg\",\"contentUrl\":\"https:\/\/www.xn--quesospealajo-pkb.com\/wp-content\/uploads\/2025\/06\/GORRA-ESPANA-5.jpg\",\"width\":761,\"height\":968},{\"@type\":\"BreadcrumbList\",\"@id\":\"https:\/\/www.xn--quesospealajo-pkb.com\/index.php\/product\/gorra-espana\/#breadcrumb\",\"itemListElement\":[{\"@type\":\"ListItem\",\"position\":1,\"name\":\"Home\",\"item\":\"https:\/\/www.xn--quesospealajo-pkb.com\/\"},{\"@type\":\"ListItem\",\"position\":2,\"name\":\"Shop\",\"item\":\"https:\/\/www.xn--quesospealajo-pkb.com\/index.php\/shop\/\"},{\"@type\":\"ListItem\",\"position\":3,\"name\":\"GORRA ESPA\u00d1A\"}]},{\"@type\":\"WebSite\",\"@id\":\"https:\/\/www.xn--quesospealajo-pkb.com\/#website\",\"url\":\"https:\/\/www.xn--quesospealajo-pkb.com\/\",\"name\":\"PE\u00d1ALAJO\",\"description\":\"\",\"publisher\":{\"@id\":\"https:\/\/www.xn--quesospealajo-pkb.com\/#organization\"},\"potentialAction\":[{\"@type\":\"SearchAction\",\"target\":{\"@type\":\"EntryPoint\",\"urlTemplate\":\"https:\/\/www.xn--quesospealajo-pkb.com\/?s={search_term_string}\"},\"query-input\":{\"@type\":\"PropertyValueSpecification\",\"valueRequired\":true,\"valueName\":\"search_term_string\"}}],\"inLanguage\":\"es\"},{\"@type\":\"Organization\",\"@id\":\"https:\/\/www.xn--quesospealajo-pkb.com\/#organization\",\"name\":\"PE\u00d1ALAJO\",\"url\":\"https:\/\/www.xn--quesospealajo-pkb.com\/\",\"logo\":{\"@type\":\"ImageObject\",\"inLanguage\":\"es\",\"@id\":\"https:\/\/www.xn--quesospealajo-pkb.com\/#\/schema\/logo\/image\/\",\"url\":\"https:\/\/www.xn--quesospealajo-pkb.com\/wp-content\/uploads\/2024\/03\/LOGO-QUESOS-PENALAJO-1-version-ANTIGUA.png\",\"contentUrl\":\"https:\/\/www.xn--quesospealajo-pkb.com\/wp-content\/uploads\/2024\/03\/LOGO-QUESOS-PENALAJO-1-version-ANTIGUA.png\",\"width\":561,\"height\":553,\"caption\":\"PE\u00d1ALAJO\"},\"image\":{\"@id\":\"https:\/\/www.xn--quesospealajo-pkb.com\/#\/schema\/logo\/image\/\"},\"sameAs\":[\"https:\/\/www.facebook.com\/p\/Quesos-PealajoQueso-Manchego-Artesano-100052597345109\",\"https:\/\/www.instagram.com\/quesospenalajo\/\"]}]}<\/script>\n<!-- \/ Yoast SEO plugin. -->","yoast_head_json":{"title":"GORRA ESPA\u00d1A - PE\u00d1ALAJO","robots":{"index":"index","follow":"follow","max-snippet":"max-snippet:-1","max-image-preview":"max-image-preview:large","max-video-preview":"max-video-preview:-1"},"canonical":"https:\/\/www.xn--quesospealajo-pkb.com\/index.php\/product\/gorra-espana\/","og_locale":"es_ES","og_type":"article","og_title":"GORRA ESPA\u00d1A - PE\u00d1ALAJO","og_description":"Gorra de color negro-azulado. Bandera de Espa\u00f1a bordada. Visera curva con 6 costuras. 6 paneles, bot\u00f3n superior.","og_url":"https:\/\/www.xn--quesospealajo-pkb.com\/index.php\/product\/gorra-espana\/","og_site_name":"PE\u00d1ALAJO","article_publisher":"https:\/\/www.facebook.com\/p\/Quesos-PealajoQueso-Manchego-Artesano-100052597345109","article_modified_time":"2025-06-28T01:11:36+00:00","og_image":[{"width":761,"height":968,"url":"https:\/\/www.xn--quesospealajo-pkb.com\/wp-content\/uploads\/2025\/06\/GORRA-ESPANA-5.jpg","type":"image\/jpeg"}],"twitter_card":"summary_large_image","twitter_misc":{"Tiempo de lectura":"1 minuto"},"schema":{"@context":"https:\/\/schema.org","@graph":[{"@type":"WebPage","@id":"https:\/\/www.xn--quesospealajo-pkb.com\/index.php\/product\/gorra-espana\/","url":"https:\/\/www.xn--quesospealajo-pkb.com\/index.php\/product\/gorra-espana\/","name":"GORRA ESPA\u00d1A - PE\u00d1ALAJO","isPartOf":{"@id":"https:\/\/www.xn--quesospealajo-pkb.com\/#website"},"primaryImageOfPage":{"@id":"https:\/\/www.xn--quesospealajo-pkb.com\/index.php\/product\/gorra-espana\/#primaryimage"},"image":{"@id":"https:\/\/www.xn--quesospealajo-pkb.com\/index.php\/product\/gorra-espana\/#primaryimage"},"thumbnailUrl":"https:\/\/www.xn--quesospealajo-pkb.com\/wp-content\/uploads\/2025\/06\/GORRA-ESPANA-5.jpg","datePublished":"2025-06-28T01:09:06+00:00","dateModified":"2025-06-28T01:11:36+00:00","breadcrumb":{"@id":"https:\/\/www.xn--quesospealajo-pkb.com\/index.php\/product\/gorra-espana\/#breadcrumb"},"inLanguage":"es","potentialAction":[{"@type":"ReadAction","target":["https:\/\/www.xn--quesospealajo-pkb.com\/index.php\/product\/gorra-espana\/"]}]},{"@type":"ImageObject","inLanguage":"es","@id":"https:\/\/www.xn--quesospealajo-pkb.com\/index.php\/product\/gorra-espana\/#primaryimage","url":"https:\/\/www.xn--quesospealajo-pkb.com\/wp-content\/uploads\/2025\/06\/GORRA-ESPANA-5.jpg","contentUrl":"https:\/\/www.xn--quesospealajo-pkb.com\/wp-content\/uploads\/2025\/06\/GORRA-ESPANA-5.jpg","width":761,"height":968},{"@type":"BreadcrumbList","@id":"https:\/\/www.xn--quesospealajo-pkb.com\/index.php\/product\/gorra-espana\/#breadcrumb","itemListElement":[{"@type":"ListItem","position":1,"name":"Home","item":"https:\/\/www.xn--quesospealajo-pkb.com\/"},{"@type":"ListItem","position":2,"name":"Shop","item":"https:\/\/www.xn--quesospealajo-pkb.com\/index.php\/shop\/"},{"@type":"ListItem","position":3,"name":"GORRA ESPA\u00d1A"}]},{"@type":"WebSite","@id":"https:\/\/www.xn--quesospealajo-pkb.com\/#website","url":"https:\/\/www.xn--quesospealajo-pkb.com\/","name":"PE\u00d1ALAJO","description":"","publisher":{"@id":"https:\/\/www.xn--quesospealajo-pkb.com\/#organization"},"potentialAction":[{"@type":"SearchAction","target":{"@type":"EntryPoint","urlTemplate":"https:\/\/www.xn--quesospealajo-pkb.com\/?s={search_term_string}"},"query-input":{"@type":"PropertyValueSpecification","valueRequired":true,"valueName":"search_term_string"}}],"inLanguage":"es"},{"@type":"Organization","@id":"https:\/\/www.xn--quesospealajo-pkb.com\/#organization","name":"PE\u00d1ALAJO","url":"https:\/\/www.xn--quesospealajo-pkb.com\/","logo":{"@type":"ImageObject","inLanguage":"es","@id":"https:\/\/www.xn--quesospealajo-pkb.com\/#\/schema\/logo\/image\/","url":"https:\/\/www.xn--quesospealajo-pkb.com\/wp-content\/uploads\/2024\/03\/LOGO-QUESOS-PENALAJO-1-version-ANTIGUA.png","contentUrl":"https:\/\/www.xn--quesospealajo-pkb.com\/wp-content\/uploads\/2024\/03\/LOGO-QUESOS-PENALAJO-1-version-ANTIGUA.png","width":561,"height":553,"caption":"PE\u00d1ALAJO"},"image":{"@id":"https:\/\/www.xn--quesospealajo-pkb.com\/#\/schema\/logo\/image\/"},"sameAs":["https:\/\/www.facebook.com\/p\/Quesos-PealajoQueso-Manchego-Artesano-100052597345109","https:\/\/www.instagram.com\/quesospenalajo\/"]}]}},"_links":{"self":[{"href":"https:\/\/www.xn--quesospealajo-pkb.com\/index.php\/wp-json\/wp\/v2\/product\/3527","targetHints":{"allow":["GET"]}}],"collection":[{"href":"https:\/\/www.xn--quesospealajo-pkb.com\/index.php\/wp-json\/wp\/v2\/product"}],"about":[{"href":"https:\/\/www.xn--quesospealajo-pkb.com\/index.php\/wp-json\/wp\/v2\/types\/product"}],"replies":[{"embeddable":true,"href":"https:\/\/www.xn--quesospealajo-pkb.com\/index.php\/wp-json\/wp\/v2\/comments?post=3527"}],"wp:featuredmedia":[{"embeddable":true,"href":"https:\/\/www.xn--quesospealajo-pkb.com\/index.php\/wp-json\/wp\/v2\/media\/3532"}],"wp:attachment":[{"href":"https:\/\/www.xn--quesospealajo-pkb.com\/index.php\/wp-json\/wp\/v2\/media?parent=3527"}],"wp:term":[{"taxonomy":"product_cat","embeddable":true,"href":"https:\/\/www.xn--quesospealajo-pkb.com\/index.php\/wp-json\/wp\/v2\/product_cat?post=3527"},{"taxonomy":"product_tag","embeddable":true,"href":"https:\/\/www.xn--quesospealajo-pkb.com\/index.php\/wp-json\/wp\/v2\/product_tag?post=3527"}],"curies":[{"name":"wp","href":"https:\/\/api.w.org\/{rel}","templated":true}]}}