{"id":3021,"date":"2024-04-19T10:45:07","date_gmt":"2024-04-19T10:45:07","guid":{"rendered":"https:\/\/www.xn--quesospealajo-pkb.com\/?post_type=product&#038;p=3021"},"modified":"2025-04-16T10:06:27","modified_gmt":"2025-04-16T10:06:27","slug":"estuche-4","status":"publish","type":"product","link":"https:\/\/www.xn--quesospealajo-pkb.com\/index.php\/product\/estuche-4\/","title":{"rendered":"Estuche 4"},"content":{"rendered":"","protected":false},"excerpt":{"rendered":"<ul>\n<li style=\"margin-top: 0;\">2 Cu\u00f1as De 500 G Cada Una De Queso Semicurado<\/li>\n<li style=\"margin-top: 0;\">1 Botella De Crianza Corcovo Variedad Tempranillo Med Oro Bruselas<\/li>\n<li style=\"margin-top: 0;\">1 Frasca Con Dosificador De Aceite De Oliva Virgen Extra Ecol\u00f3gico 500 Ml<\/li>\n<li style=\"margin-top: 0;\">1 Salchich\u00f3n Vela S\u00e1nchez Romero Carvajal 100% Iberico 200Gr<\/li>\n<li style=\"margin-top: 0;\">1 Chorizo Vela S\u00e1nchez Romero Carvajal 100% Iberico 200Gr<\/li>\n<li style=\"margin-top: 0;\">Estuche De Madera Serigrafiado<\/li>\n<\/ul>\n<p>Este estuche de madera serigrafiado es un verdadero tesoro para los aficionados a los productos ib\u00e9ricos y los sabores intensos. Incluye dos cu\u00f1as de queso semicurado de 500g cada una, que se complementan perfectamente con una botella de vino Crianza Corcovo, de la variedad Tempranillo, premiada con medalla de oro en Bruselas. Adem\u00e1s, el estuche contiene una frasca con dosificador de aceite de oliva virgen extra ecol\u00f3gico, ideal para a\u00f1adir un toque de sabor y calidad a cualquier plato. Para los amantes de los embutidos, se incluyen un salchich\u00f3n y un chorizo, ambos de S\u00e1nchez Romero Carvajal, 100% ib\u00e9ricos, que destacan por su exquisito sabor y calidad superior, convirtiendo este estuche en una opci\u00f3n de regalo excepcional o una excelente adici\u00f3n a cualquier celebraci\u00f3n.<\/p>\n","protected":false},"featured_media":3022,"comment_status":"open","ping_status":"closed","template":"","meta":[],"product_cat":[76],"product_tag":[],"class_list":{"0":"post-3021","1":"product","2":"type-product","3":"status-publish","4":"has-post-thumbnail","6":"product_cat-cestas-gourmet","8":"first","9":"instock","10":"shipping-taxable","11":"purchasable","12":"product-type-simple"},"yoast_head":"<!-- This site is optimized with the Yoast SEO plugin v24.1 - https:\/\/yoast.com\/wordpress\/plugins\/seo\/ -->\n<title>Estuche 4 - PE\u00d1ALAJO<\/title>\n<meta name=\"robots\" content=\"index, follow, max-snippet:-1, max-image-preview:large, max-video-preview:-1\" \/>\n<link rel=\"canonical\" href=\"https:\/\/www.xn--quesospealajo-pkb.com\/index.php\/product\/estuche-4\/\" \/>\n<meta property=\"og:locale\" content=\"es_ES\" \/>\n<meta property=\"og:type\" content=\"article\" \/>\n<meta property=\"og:title\" content=\"Estuche 4 - PE\u00d1ALAJO\" \/>\n<meta property=\"og:description\" content=\"2 Cu\u00f1as De 500 G Cada Una De Queso Semicurado  1 Botella De Crianza Corcovo Variedad Tempranillo Med Oro Bruselas  1 Frasca Con Dosificador De Aceite De Oliva Virgen Extra Ecol\u00f3gico 500 Ml  1 Salchich\u00f3n Vela S\u00e1nchez Romero Carvajal 100% Iberico 200Gr  1 Chorizo Vela S\u00e1nchez Romero Carvajal 100% Iberico 200Gr  Estuche De Madera Serigrafiado  Este estuche de madera serigrafiado es un verdadero tesoro para los aficionados a los productos ib\u00e9ricos y los sabores intensos. Incluye dos cu\u00f1as de queso semicurado de 500g cada una, que se complementan perfectamente con una botella de vino Crianza Corcovo, de la variedad Tempranillo, premiada con medalla de oro en Bruselas. Adem\u00e1s, el estuche contiene una frasca con dosificador de aceite de oliva virgen extra ecol\u00f3gico, ideal para a\u00f1adir un toque de sabor y calidad a cualquier plato. Para los amantes de los embutidos, se incluyen un salchich\u00f3n y un chorizo, ambos de S\u00e1nchez Romero Carvajal, 100% ib\u00e9ricos, que destacan por su exquisito sabor y calidad superior, convirtiendo este estuche en una opci\u00f3n de regalo excepcional o una excelente adici\u00f3n a cualquier celebraci\u00f3n.\" \/>\n<meta property=\"og:url\" content=\"https:\/\/www.xn--quesospealajo-pkb.com\/index.php\/product\/estuche-4\/\" \/>\n<meta property=\"og:site_name\" content=\"PE\u00d1ALAJO\" \/>\n<meta property=\"article:publisher\" content=\"https:\/\/www.facebook.com\/p\/Quesos-PealajoQueso-Manchego-Artesano-100052597345109\" \/>\n<meta property=\"article:modified_time\" content=\"2025-04-16T10:06:27+00:00\" \/>\n<meta property=\"og:image\" content=\"https:\/\/www.xn--quesospealajo-pkb.com\/wp-content\/uploads\/2024\/04\/WhatsApp-Image-2024-04-17-at-3.29.07-PM-3-1.jpeg\" \/>\n\t<meta property=\"og:image:width\" content=\"1600\" \/>\n\t<meta property=\"og:image:height\" content=\"1450\" \/>\n\t<meta property=\"og:image:type\" content=\"image\/jpeg\" \/>\n<meta name=\"twitter:card\" content=\"summary_large_image\" \/>\n<meta name=\"twitter:label1\" content=\"Tiempo de lectura\" \/>\n\t<meta name=\"twitter:data1\" content=\"1 minuto\" \/>\n<script type=\"application\/ld+json\" class=\"yoast-schema-graph\">{\"@context\":\"https:\/\/schema.org\",\"@graph\":[{\"@type\":\"WebPage\",\"@id\":\"https:\/\/www.xn--quesospealajo-pkb.com\/index.php\/product\/estuche-4\/\",\"url\":\"https:\/\/www.xn--quesospealajo-pkb.com\/index.php\/product\/estuche-4\/\",\"name\":\"Estuche 4 - PE\u00d1ALAJO\",\"isPartOf\":{\"@id\":\"https:\/\/www.xn--quesospealajo-pkb.com\/#website\"},\"primaryImageOfPage\":{\"@id\":\"https:\/\/www.xn--quesospealajo-pkb.com\/index.php\/product\/estuche-4\/#primaryimage\"},\"image\":{\"@id\":\"https:\/\/www.xn--quesospealajo-pkb.com\/index.php\/product\/estuche-4\/#primaryimage\"},\"thumbnailUrl\":\"https:\/\/www.xn--quesospealajo-pkb.com\/wp-content\/uploads\/2024\/04\/WhatsApp-Image-2024-04-17-at-3.29.07-PM-3-1.jpeg\",\"datePublished\":\"2024-04-19T10:45:07+00:00\",\"dateModified\":\"2025-04-16T10:06:27+00:00\",\"breadcrumb\":{\"@id\":\"https:\/\/www.xn--quesospealajo-pkb.com\/index.php\/product\/estuche-4\/#breadcrumb\"},\"inLanguage\":\"es\",\"potentialAction\":[{\"@type\":\"ReadAction\",\"target\":[\"https:\/\/www.xn--quesospealajo-pkb.com\/index.php\/product\/estuche-4\/\"]}]},{\"@type\":\"ImageObject\",\"inLanguage\":\"es\",\"@id\":\"https:\/\/www.xn--quesospealajo-pkb.com\/index.php\/product\/estuche-4\/#primaryimage\",\"url\":\"https:\/\/www.xn--quesospealajo-pkb.com\/wp-content\/uploads\/2024\/04\/WhatsApp-Image-2024-04-17-at-3.29.07-PM-3-1.jpeg\",\"contentUrl\":\"https:\/\/www.xn--quesospealajo-pkb.com\/wp-content\/uploads\/2024\/04\/WhatsApp-Image-2024-04-17-at-3.29.07-PM-3-1.jpeg\",\"width\":1600,\"height\":1450},{\"@type\":\"BreadcrumbList\",\"@id\":\"https:\/\/www.xn--quesospealajo-pkb.com\/index.php\/product\/estuche-4\/#breadcrumb\",\"itemListElement\":[{\"@type\":\"ListItem\",\"position\":1,\"name\":\"Home\",\"item\":\"https:\/\/www.xn--quesospealajo-pkb.com\/\"},{\"@type\":\"ListItem\",\"position\":2,\"name\":\"Shop\",\"item\":\"https:\/\/www.xn--quesospealajo-pkb.com\/index.php\/shop\/\"},{\"@type\":\"ListItem\",\"position\":3,\"name\":\"Estuche 4\"}]},{\"@type\":\"WebSite\",\"@id\":\"https:\/\/www.xn--quesospealajo-pkb.com\/#website\",\"url\":\"https:\/\/www.xn--quesospealajo-pkb.com\/\",\"name\":\"PE\u00d1ALAJO\",\"description\":\"\",\"publisher\":{\"@id\":\"https:\/\/www.xn--quesospealajo-pkb.com\/#organization\"},\"potentialAction\":[{\"@type\":\"SearchAction\",\"target\":{\"@type\":\"EntryPoint\",\"urlTemplate\":\"https:\/\/www.xn--quesospealajo-pkb.com\/?s={search_term_string}\"},\"query-input\":{\"@type\":\"PropertyValueSpecification\",\"valueRequired\":true,\"valueName\":\"search_term_string\"}}],\"inLanguage\":\"es\"},{\"@type\":\"Organization\",\"@id\":\"https:\/\/www.xn--quesospealajo-pkb.com\/#organization\",\"name\":\"PE\u00d1ALAJO\",\"url\":\"https:\/\/www.xn--quesospealajo-pkb.com\/\",\"logo\":{\"@type\":\"ImageObject\",\"inLanguage\":\"es\",\"@id\":\"https:\/\/www.xn--quesospealajo-pkb.com\/#\/schema\/logo\/image\/\",\"url\":\"https:\/\/www.xn--quesospealajo-pkb.com\/wp-content\/uploads\/2024\/03\/LOGO-QUESOS-PENALAJO-1-version-ANTIGUA.png\",\"contentUrl\":\"https:\/\/www.xn--quesospealajo-pkb.com\/wp-content\/uploads\/2024\/03\/LOGO-QUESOS-PENALAJO-1-version-ANTIGUA.png\",\"width\":561,\"height\":553,\"caption\":\"PE\u00d1ALAJO\"},\"image\":{\"@id\":\"https:\/\/www.xn--quesospealajo-pkb.com\/#\/schema\/logo\/image\/\"},\"sameAs\":[\"https:\/\/www.facebook.com\/p\/Quesos-PealajoQueso-Manchego-Artesano-100052597345109\",\"https:\/\/www.instagram.com\/quesospenalajo\/\"]}]}<\/script>\n<!-- \/ Yoast SEO plugin. -->","yoast_head_json":{"title":"Estuche 4 - PE\u00d1ALAJO","robots":{"index":"index","follow":"follow","max-snippet":"max-snippet:-1","max-image-preview":"max-image-preview:large","max-video-preview":"max-video-preview:-1"},"canonical":"https:\/\/www.xn--quesospealajo-pkb.com\/index.php\/product\/estuche-4\/","og_locale":"es_ES","og_type":"article","og_title":"Estuche 4 - PE\u00d1ALAJO","og_description":"2 Cu\u00f1as De 500 G Cada Una De Queso Semicurado  1 Botella De Crianza Corcovo Variedad Tempranillo Med Oro Bruselas  1 Frasca Con Dosificador De Aceite De Oliva Virgen Extra Ecol\u00f3gico 500 Ml  1 Salchich\u00f3n Vela S\u00e1nchez Romero Carvajal 100% Iberico 200Gr  1 Chorizo Vela S\u00e1nchez Romero Carvajal 100% Iberico 200Gr  Estuche De Madera Serigrafiado  Este estuche de madera serigrafiado es un verdadero tesoro para los aficionados a los productos ib\u00e9ricos y los sabores intensos. Incluye dos cu\u00f1as de queso semicurado de 500g cada una, que se complementan perfectamente con una botella de vino Crianza Corcovo, de la variedad Tempranillo, premiada con medalla de oro en Bruselas. Adem\u00e1s, el estuche contiene una frasca con dosificador de aceite de oliva virgen extra ecol\u00f3gico, ideal para a\u00f1adir un toque de sabor y calidad a cualquier plato. Para los amantes de los embutidos, se incluyen un salchich\u00f3n y un chorizo, ambos de S\u00e1nchez Romero Carvajal, 100% ib\u00e9ricos, que destacan por su exquisito sabor y calidad superior, convirtiendo este estuche en una opci\u00f3n de regalo excepcional o una excelente adici\u00f3n a cualquier celebraci\u00f3n.","og_url":"https:\/\/www.xn--quesospealajo-pkb.com\/index.php\/product\/estuche-4\/","og_site_name":"PE\u00d1ALAJO","article_publisher":"https:\/\/www.facebook.com\/p\/Quesos-PealajoQueso-Manchego-Artesano-100052597345109","article_modified_time":"2025-04-16T10:06:27+00:00","og_image":[{"width":1600,"height":1450,"url":"https:\/\/www.xn--quesospealajo-pkb.com\/wp-content\/uploads\/2024\/04\/WhatsApp-Image-2024-04-17-at-3.29.07-PM-3-1.jpeg","type":"image\/jpeg"}],"twitter_card":"summary_large_image","twitter_misc":{"Tiempo de lectura":"1 minuto"},"schema":{"@context":"https:\/\/schema.org","@graph":[{"@type":"WebPage","@id":"https:\/\/www.xn--quesospealajo-pkb.com\/index.php\/product\/estuche-4\/","url":"https:\/\/www.xn--quesospealajo-pkb.com\/index.php\/product\/estuche-4\/","name":"Estuche 4 - PE\u00d1ALAJO","isPartOf":{"@id":"https:\/\/www.xn--quesospealajo-pkb.com\/#website"},"primaryImageOfPage":{"@id":"https:\/\/www.xn--quesospealajo-pkb.com\/index.php\/product\/estuche-4\/#primaryimage"},"image":{"@id":"https:\/\/www.xn--quesospealajo-pkb.com\/index.php\/product\/estuche-4\/#primaryimage"},"thumbnailUrl":"https:\/\/www.xn--quesospealajo-pkb.com\/wp-content\/uploads\/2024\/04\/WhatsApp-Image-2024-04-17-at-3.29.07-PM-3-1.jpeg","datePublished":"2024-04-19T10:45:07+00:00","dateModified":"2025-04-16T10:06:27+00:00","breadcrumb":{"@id":"https:\/\/www.xn--quesospealajo-pkb.com\/index.php\/product\/estuche-4\/#breadcrumb"},"inLanguage":"es","potentialAction":[{"@type":"ReadAction","target":["https:\/\/www.xn--quesospealajo-pkb.com\/index.php\/product\/estuche-4\/"]}]},{"@type":"ImageObject","inLanguage":"es","@id":"https:\/\/www.xn--quesospealajo-pkb.com\/index.php\/product\/estuche-4\/#primaryimage","url":"https:\/\/www.xn--quesospealajo-pkb.com\/wp-content\/uploads\/2024\/04\/WhatsApp-Image-2024-04-17-at-3.29.07-PM-3-1.jpeg","contentUrl":"https:\/\/www.xn--quesospealajo-pkb.com\/wp-content\/uploads\/2024\/04\/WhatsApp-Image-2024-04-17-at-3.29.07-PM-3-1.jpeg","width":1600,"height":1450},{"@type":"BreadcrumbList","@id":"https:\/\/www.xn--quesospealajo-pkb.com\/index.php\/product\/estuche-4\/#breadcrumb","itemListElement":[{"@type":"ListItem","position":1,"name":"Home","item":"https:\/\/www.xn--quesospealajo-pkb.com\/"},{"@type":"ListItem","position":2,"name":"Shop","item":"https:\/\/www.xn--quesospealajo-pkb.com\/index.php\/shop\/"},{"@type":"ListItem","position":3,"name":"Estuche 4"}]},{"@type":"WebSite","@id":"https:\/\/www.xn--quesospealajo-pkb.com\/#website","url":"https:\/\/www.xn--quesospealajo-pkb.com\/","name":"PE\u00d1ALAJO","description":"","publisher":{"@id":"https:\/\/www.xn--quesospealajo-pkb.com\/#organization"},"potentialAction":[{"@type":"SearchAction","target":{"@type":"EntryPoint","urlTemplate":"https:\/\/www.xn--quesospealajo-pkb.com\/?s={search_term_string}"},"query-input":{"@type":"PropertyValueSpecification","valueRequired":true,"valueName":"search_term_string"}}],"inLanguage":"es"},{"@type":"Organization","@id":"https:\/\/www.xn--quesospealajo-pkb.com\/#organization","name":"PE\u00d1ALAJO","url":"https:\/\/www.xn--quesospealajo-pkb.com\/","logo":{"@type":"ImageObject","inLanguage":"es","@id":"https:\/\/www.xn--quesospealajo-pkb.com\/#\/schema\/logo\/image\/","url":"https:\/\/www.xn--quesospealajo-pkb.com\/wp-content\/uploads\/2024\/03\/LOGO-QUESOS-PENALAJO-1-version-ANTIGUA.png","contentUrl":"https:\/\/www.xn--quesospealajo-pkb.com\/wp-content\/uploads\/2024\/03\/LOGO-QUESOS-PENALAJO-1-version-ANTIGUA.png","width":561,"height":553,"caption":"PE\u00d1ALAJO"},"image":{"@id":"https:\/\/www.xn--quesospealajo-pkb.com\/#\/schema\/logo\/image\/"},"sameAs":["https:\/\/www.facebook.com\/p\/Quesos-PealajoQueso-Manchego-Artesano-100052597345109","https:\/\/www.instagram.com\/quesospenalajo\/"]}]}},"_links":{"self":[{"href":"https:\/\/www.xn--quesospealajo-pkb.com\/index.php\/wp-json\/wp\/v2\/product\/3021","targetHints":{"allow":["GET"]}}],"collection":[{"href":"https:\/\/www.xn--quesospealajo-pkb.com\/index.php\/wp-json\/wp\/v2\/product"}],"about":[{"href":"https:\/\/www.xn--quesospealajo-pkb.com\/index.php\/wp-json\/wp\/v2\/types\/product"}],"replies":[{"embeddable":true,"href":"https:\/\/www.xn--quesospealajo-pkb.com\/index.php\/wp-json\/wp\/v2\/comments?post=3021"}],"wp:featuredmedia":[{"embeddable":true,"href":"https:\/\/www.xn--quesospealajo-pkb.com\/index.php\/wp-json\/wp\/v2\/media\/3022"}],"wp:attachment":[{"href":"https:\/\/www.xn--quesospealajo-pkb.com\/index.php\/wp-json\/wp\/v2\/media?parent=3021"}],"wp:term":[{"taxonomy":"product_cat","embeddable":true,"href":"https:\/\/www.xn--quesospealajo-pkb.com\/index.php\/wp-json\/wp\/v2\/product_cat?post=3021"},{"taxonomy":"product_tag","embeddable":true,"href":"https:\/\/www.xn--quesospealajo-pkb.com\/index.php\/wp-json\/wp\/v2\/product_tag?post=3021"}],"curies":[{"name":"wp","href":"https:\/\/api.w.org\/{rel}","templated":true}]}}