{"id":1790,"date":"2024-03-29T11:50:13","date_gmt":"2024-03-29T11:50:13","guid":{"rendered":"https:\/\/www.xn--quesospealajo-pkb.com\/?post_type=product&#038;p=1790"},"modified":"2024-06-21T09:54:55","modified_gmt":"2024-06-21T09:54:55","slug":"miel-romero-de-color-ambar-claro-aroma-suave-y-gusto-intenso-miel-de-despenaperros-envase-de-cristal-de-1kg","status":"publish","type":"product","link":"https:\/\/www.xn--quesospealajo-pkb.com\/index.php\/product\/miel-romero-de-color-ambar-claro-aroma-suave-y-gusto-intenso-miel-de-despenaperros-envase-de-cristal-de-1kg\/","title":{"rendered":"Miel Romero. De color \u00e1mbar claro, aroma suave y gusto intenso. Miel de despe\u00f1aperros. Envase de cristal de 1Kg"},"content":{"rendered":"","protected":false},"excerpt":{"rendered":"<p>Sum\u00e9rgete en el suave aroma y el intenso sabor de nuestra miel de romero,<br \/>\nprocedente de la regi\u00f3n de Despe\u00f1aperros. Envasada en frascos de cristal de 1kg,<br \/>\nesta miel \u00e1mbar claro es una delicia para los sentidos, de gusto suave con notas<br \/>\nbals\u00e1micas. Hacen esta miel excelente por sus propiedades antis\u00e9pticas y<br \/>\nbals\u00e1micas<\/p>\n","protected":false},"featured_media":3238,"comment_status":"open","ping_status":"closed","template":"","meta":[],"product_cat":[59],"product_tag":[],"class_list":{"0":"post-1790","1":"product","2":"type-product","3":"status-publish","4":"has-post-thumbnail","6":"product_cat-miel","8":"first","9":"instock","10":"shipping-taxable","11":"purchasable","12":"product-type-simple"},"yoast_head":"<!-- This site is optimized with the Yoast SEO plugin v24.1 - https:\/\/yoast.com\/wordpress\/plugins\/seo\/ -->\n<title>Miel Romero. De color \u00e1mbar claro, aroma suave y gusto intenso. Miel de despe\u00f1aperros. Envase de cristal de 1Kg - PE\u00d1ALAJO<\/title>\n<meta name=\"robots\" content=\"index, follow, max-snippet:-1, max-image-preview:large, max-video-preview:-1\" \/>\n<link rel=\"canonical\" href=\"https:\/\/www.xn--quesospealajo-pkb.com\/index.php\/product\/miel-romero-de-color-ambar-claro-aroma-suave-y-gusto-intenso-miel-de-despenaperros-envase-de-cristal-de-1kg\/\" \/>\n<meta property=\"og:locale\" content=\"es_ES\" \/>\n<meta property=\"og:type\" content=\"article\" \/>\n<meta property=\"og:title\" content=\"Miel Romero. De color \u00e1mbar claro, aroma suave y gusto intenso. Miel de despe\u00f1aperros. Envase de cristal de 1Kg - PE\u00d1ALAJO\" \/>\n<meta property=\"og:description\" content=\"Sum\u00e9rgete en el suave aroma y el intenso sabor de nuestra miel de romero, procedente de la regi\u00f3n de Despe\u00f1aperros. Envasada en frascos de cristal de 1kg, esta miel \u00e1mbar claro es una delicia para los sentidos, de gusto suave con notas bals\u00e1micas. Hacen esta miel excelente por sus propiedades antis\u00e9pticas y bals\u00e1micas\" \/>\n<meta property=\"og:url\" content=\"https:\/\/www.xn--quesospealajo-pkb.com\/index.php\/product\/miel-romero-de-color-ambar-claro-aroma-suave-y-gusto-intenso-miel-de-despenaperros-envase-de-cristal-de-1kg\/\" \/>\n<meta property=\"og:site_name\" content=\"PE\u00d1ALAJO\" \/>\n<meta property=\"article:publisher\" content=\"https:\/\/www.facebook.com\/p\/Quesos-PealajoQueso-Manchego-Artesano-100052597345109\" \/>\n<meta property=\"article:modified_time\" content=\"2024-06-21T09:54:55+00:00\" \/>\n<meta property=\"og:image\" content=\"https:\/\/www.xn--quesospealajo-pkb.com\/wp-content\/uploads\/2024\/03\/2.jpg\" \/>\n\t<meta property=\"og:image:width\" content=\"1080\" \/>\n\t<meta property=\"og:image:height\" content=\"1080\" \/>\n\t<meta property=\"og:image:type\" content=\"image\/jpeg\" \/>\n<meta name=\"twitter:card\" content=\"summary_large_image\" \/>\n<meta name=\"twitter:label1\" content=\"Tiempo de lectura\" \/>\n\t<meta name=\"twitter:data1\" content=\"1 minuto\" \/>\n<script type=\"application\/ld+json\" class=\"yoast-schema-graph\">{\"@context\":\"https:\/\/schema.org\",\"@graph\":[{\"@type\":\"WebPage\",\"@id\":\"https:\/\/www.xn--quesospealajo-pkb.com\/index.php\/product\/miel-romero-de-color-ambar-claro-aroma-suave-y-gusto-intenso-miel-de-despenaperros-envase-de-cristal-de-1kg\/\",\"url\":\"https:\/\/www.xn--quesospealajo-pkb.com\/index.php\/product\/miel-romero-de-color-ambar-claro-aroma-suave-y-gusto-intenso-miel-de-despenaperros-envase-de-cristal-de-1kg\/\",\"name\":\"Miel Romero. De color \u00e1mbar claro, aroma suave y gusto intenso. Miel de despe\u00f1aperros. Envase de cristal de 1Kg - PE\u00d1ALAJO\",\"isPartOf\":{\"@id\":\"https:\/\/www.xn--quesospealajo-pkb.com\/#website\"},\"primaryImageOfPage\":{\"@id\":\"https:\/\/www.xn--quesospealajo-pkb.com\/index.php\/product\/miel-romero-de-color-ambar-claro-aroma-suave-y-gusto-intenso-miel-de-despenaperros-envase-de-cristal-de-1kg\/#primaryimage\"},\"image\":{\"@id\":\"https:\/\/www.xn--quesospealajo-pkb.com\/index.php\/product\/miel-romero-de-color-ambar-claro-aroma-suave-y-gusto-intenso-miel-de-despenaperros-envase-de-cristal-de-1kg\/#primaryimage\"},\"thumbnailUrl\":\"https:\/\/www.xn--quesospealajo-pkb.com\/wp-content\/uploads\/2024\/03\/2.jpg\",\"datePublished\":\"2024-03-29T11:50:13+00:00\",\"dateModified\":\"2024-06-21T09:54:55+00:00\",\"breadcrumb\":{\"@id\":\"https:\/\/www.xn--quesospealajo-pkb.com\/index.php\/product\/miel-romero-de-color-ambar-claro-aroma-suave-y-gusto-intenso-miel-de-despenaperros-envase-de-cristal-de-1kg\/#breadcrumb\"},\"inLanguage\":\"es\",\"potentialAction\":[{\"@type\":\"ReadAction\",\"target\":[\"https:\/\/www.xn--quesospealajo-pkb.com\/index.php\/product\/miel-romero-de-color-ambar-claro-aroma-suave-y-gusto-intenso-miel-de-despenaperros-envase-de-cristal-de-1kg\/\"]}]},{\"@type\":\"ImageObject\",\"inLanguage\":\"es\",\"@id\":\"https:\/\/www.xn--quesospealajo-pkb.com\/index.php\/product\/miel-romero-de-color-ambar-claro-aroma-suave-y-gusto-intenso-miel-de-despenaperros-envase-de-cristal-de-1kg\/#primaryimage\",\"url\":\"https:\/\/www.xn--quesospealajo-pkb.com\/wp-content\/uploads\/2024\/03\/2.jpg\",\"contentUrl\":\"https:\/\/www.xn--quesospealajo-pkb.com\/wp-content\/uploads\/2024\/03\/2.jpg\",\"width\":1080,\"height\":1080,\"caption\":\"Miel Romero\"},{\"@type\":\"BreadcrumbList\",\"@id\":\"https:\/\/www.xn--quesospealajo-pkb.com\/index.php\/product\/miel-romero-de-color-ambar-claro-aroma-suave-y-gusto-intenso-miel-de-despenaperros-envase-de-cristal-de-1kg\/#breadcrumb\",\"itemListElement\":[{\"@type\":\"ListItem\",\"position\":1,\"name\":\"Home\",\"item\":\"https:\/\/www.xn--quesospealajo-pkb.com\/\"},{\"@type\":\"ListItem\",\"position\":2,\"name\":\"Shop\",\"item\":\"https:\/\/www.xn--quesospealajo-pkb.com\/index.php\/shop\/\"},{\"@type\":\"ListItem\",\"position\":3,\"name\":\"Miel Romero. De color \u00e1mbar claro, aroma suave y gusto intenso. Miel de despe\u00f1aperros. Envase de cristal de 1Kg\"}]},{\"@type\":\"WebSite\",\"@id\":\"https:\/\/www.xn--quesospealajo-pkb.com\/#website\",\"url\":\"https:\/\/www.xn--quesospealajo-pkb.com\/\",\"name\":\"PE\u00d1ALAJO\",\"description\":\"\",\"publisher\":{\"@id\":\"https:\/\/www.xn--quesospealajo-pkb.com\/#organization\"},\"potentialAction\":[{\"@type\":\"SearchAction\",\"target\":{\"@type\":\"EntryPoint\",\"urlTemplate\":\"https:\/\/www.xn--quesospealajo-pkb.com\/?s={search_term_string}\"},\"query-input\":{\"@type\":\"PropertyValueSpecification\",\"valueRequired\":true,\"valueName\":\"search_term_string\"}}],\"inLanguage\":\"es\"},{\"@type\":\"Organization\",\"@id\":\"https:\/\/www.xn--quesospealajo-pkb.com\/#organization\",\"name\":\"PE\u00d1ALAJO\",\"url\":\"https:\/\/www.xn--quesospealajo-pkb.com\/\",\"logo\":{\"@type\":\"ImageObject\",\"inLanguage\":\"es\",\"@id\":\"https:\/\/www.xn--quesospealajo-pkb.com\/#\/schema\/logo\/image\/\",\"url\":\"https:\/\/www.xn--quesospealajo-pkb.com\/wp-content\/uploads\/2024\/03\/LOGO-QUESOS-PENALAJO-1-version-ANTIGUA.png\",\"contentUrl\":\"https:\/\/www.xn--quesospealajo-pkb.com\/wp-content\/uploads\/2024\/03\/LOGO-QUESOS-PENALAJO-1-version-ANTIGUA.png\",\"width\":561,\"height\":553,\"caption\":\"PE\u00d1ALAJO\"},\"image\":{\"@id\":\"https:\/\/www.xn--quesospealajo-pkb.com\/#\/schema\/logo\/image\/\"},\"sameAs\":[\"https:\/\/www.facebook.com\/p\/Quesos-PealajoQueso-Manchego-Artesano-100052597345109\",\"https:\/\/www.instagram.com\/quesospenalajo\/\"]}]}<\/script>\n<!-- \/ Yoast SEO plugin. -->","yoast_head_json":{"title":"Miel Romero. De color \u00e1mbar claro, aroma suave y gusto intenso. Miel de despe\u00f1aperros. Envase de cristal de 1Kg - PE\u00d1ALAJO","robots":{"index":"index","follow":"follow","max-snippet":"max-snippet:-1","max-image-preview":"max-image-preview:large","max-video-preview":"max-video-preview:-1"},"canonical":"https:\/\/www.xn--quesospealajo-pkb.com\/index.php\/product\/miel-romero-de-color-ambar-claro-aroma-suave-y-gusto-intenso-miel-de-despenaperros-envase-de-cristal-de-1kg\/","og_locale":"es_ES","og_type":"article","og_title":"Miel Romero. De color \u00e1mbar claro, aroma suave y gusto intenso. Miel de despe\u00f1aperros. Envase de cristal de 1Kg - PE\u00d1ALAJO","og_description":"Sum\u00e9rgete en el suave aroma y el intenso sabor de nuestra miel de romero, procedente de la regi\u00f3n de Despe\u00f1aperros. Envasada en frascos de cristal de 1kg, esta miel \u00e1mbar claro es una delicia para los sentidos, de gusto suave con notas bals\u00e1micas. Hacen esta miel excelente por sus propiedades antis\u00e9pticas y bals\u00e1micas","og_url":"https:\/\/www.xn--quesospealajo-pkb.com\/index.php\/product\/miel-romero-de-color-ambar-claro-aroma-suave-y-gusto-intenso-miel-de-despenaperros-envase-de-cristal-de-1kg\/","og_site_name":"PE\u00d1ALAJO","article_publisher":"https:\/\/www.facebook.com\/p\/Quesos-PealajoQueso-Manchego-Artesano-100052597345109","article_modified_time":"2024-06-21T09:54:55+00:00","og_image":[{"width":1080,"height":1080,"url":"https:\/\/www.xn--quesospealajo-pkb.com\/wp-content\/uploads\/2024\/03\/2.jpg","type":"image\/jpeg"}],"twitter_card":"summary_large_image","twitter_misc":{"Tiempo de lectura":"1 minuto"},"schema":{"@context":"https:\/\/schema.org","@graph":[{"@type":"WebPage","@id":"https:\/\/www.xn--quesospealajo-pkb.com\/index.php\/product\/miel-romero-de-color-ambar-claro-aroma-suave-y-gusto-intenso-miel-de-despenaperros-envase-de-cristal-de-1kg\/","url":"https:\/\/www.xn--quesospealajo-pkb.com\/index.php\/product\/miel-romero-de-color-ambar-claro-aroma-suave-y-gusto-intenso-miel-de-despenaperros-envase-de-cristal-de-1kg\/","name":"Miel Romero. De color \u00e1mbar claro, aroma suave y gusto intenso. Miel de despe\u00f1aperros. Envase de cristal de 1Kg - PE\u00d1ALAJO","isPartOf":{"@id":"https:\/\/www.xn--quesospealajo-pkb.com\/#website"},"primaryImageOfPage":{"@id":"https:\/\/www.xn--quesospealajo-pkb.com\/index.php\/product\/miel-romero-de-color-ambar-claro-aroma-suave-y-gusto-intenso-miel-de-despenaperros-envase-de-cristal-de-1kg\/#primaryimage"},"image":{"@id":"https:\/\/www.xn--quesospealajo-pkb.com\/index.php\/product\/miel-romero-de-color-ambar-claro-aroma-suave-y-gusto-intenso-miel-de-despenaperros-envase-de-cristal-de-1kg\/#primaryimage"},"thumbnailUrl":"https:\/\/www.xn--quesospealajo-pkb.com\/wp-content\/uploads\/2024\/03\/2.jpg","datePublished":"2024-03-29T11:50:13+00:00","dateModified":"2024-06-21T09:54:55+00:00","breadcrumb":{"@id":"https:\/\/www.xn--quesospealajo-pkb.com\/index.php\/product\/miel-romero-de-color-ambar-claro-aroma-suave-y-gusto-intenso-miel-de-despenaperros-envase-de-cristal-de-1kg\/#breadcrumb"},"inLanguage":"es","potentialAction":[{"@type":"ReadAction","target":["https:\/\/www.xn--quesospealajo-pkb.com\/index.php\/product\/miel-romero-de-color-ambar-claro-aroma-suave-y-gusto-intenso-miel-de-despenaperros-envase-de-cristal-de-1kg\/"]}]},{"@type":"ImageObject","inLanguage":"es","@id":"https:\/\/www.xn--quesospealajo-pkb.com\/index.php\/product\/miel-romero-de-color-ambar-claro-aroma-suave-y-gusto-intenso-miel-de-despenaperros-envase-de-cristal-de-1kg\/#primaryimage","url":"https:\/\/www.xn--quesospealajo-pkb.com\/wp-content\/uploads\/2024\/03\/2.jpg","contentUrl":"https:\/\/www.xn--quesospealajo-pkb.com\/wp-content\/uploads\/2024\/03\/2.jpg","width":1080,"height":1080,"caption":"Miel Romero"},{"@type":"BreadcrumbList","@id":"https:\/\/www.xn--quesospealajo-pkb.com\/index.php\/product\/miel-romero-de-color-ambar-claro-aroma-suave-y-gusto-intenso-miel-de-despenaperros-envase-de-cristal-de-1kg\/#breadcrumb","itemListElement":[{"@type":"ListItem","position":1,"name":"Home","item":"https:\/\/www.xn--quesospealajo-pkb.com\/"},{"@type":"ListItem","position":2,"name":"Shop","item":"https:\/\/www.xn--quesospealajo-pkb.com\/index.php\/shop\/"},{"@type":"ListItem","position":3,"name":"Miel Romero. De color \u00e1mbar claro, aroma suave y gusto intenso. Miel de despe\u00f1aperros. Envase de cristal de 1Kg"}]},{"@type":"WebSite","@id":"https:\/\/www.xn--quesospealajo-pkb.com\/#website","url":"https:\/\/www.xn--quesospealajo-pkb.com\/","name":"PE\u00d1ALAJO","description":"","publisher":{"@id":"https:\/\/www.xn--quesospealajo-pkb.com\/#organization"},"potentialAction":[{"@type":"SearchAction","target":{"@type":"EntryPoint","urlTemplate":"https:\/\/www.xn--quesospealajo-pkb.com\/?s={search_term_string}"},"query-input":{"@type":"PropertyValueSpecification","valueRequired":true,"valueName":"search_term_string"}}],"inLanguage":"es"},{"@type":"Organization","@id":"https:\/\/www.xn--quesospealajo-pkb.com\/#organization","name":"PE\u00d1ALAJO","url":"https:\/\/www.xn--quesospealajo-pkb.com\/","logo":{"@type":"ImageObject","inLanguage":"es","@id":"https:\/\/www.xn--quesospealajo-pkb.com\/#\/schema\/logo\/image\/","url":"https:\/\/www.xn--quesospealajo-pkb.com\/wp-content\/uploads\/2024\/03\/LOGO-QUESOS-PENALAJO-1-version-ANTIGUA.png","contentUrl":"https:\/\/www.xn--quesospealajo-pkb.com\/wp-content\/uploads\/2024\/03\/LOGO-QUESOS-PENALAJO-1-version-ANTIGUA.png","width":561,"height":553,"caption":"PE\u00d1ALAJO"},"image":{"@id":"https:\/\/www.xn--quesospealajo-pkb.com\/#\/schema\/logo\/image\/"},"sameAs":["https:\/\/www.facebook.com\/p\/Quesos-PealajoQueso-Manchego-Artesano-100052597345109","https:\/\/www.instagram.com\/quesospenalajo\/"]}]}},"_links":{"self":[{"href":"https:\/\/www.xn--quesospealajo-pkb.com\/index.php\/wp-json\/wp\/v2\/product\/1790","targetHints":{"allow":["GET"]}}],"collection":[{"href":"https:\/\/www.xn--quesospealajo-pkb.com\/index.php\/wp-json\/wp\/v2\/product"}],"about":[{"href":"https:\/\/www.xn--quesospealajo-pkb.com\/index.php\/wp-json\/wp\/v2\/types\/product"}],"replies":[{"embeddable":true,"href":"https:\/\/www.xn--quesospealajo-pkb.com\/index.php\/wp-json\/wp\/v2\/comments?post=1790"}],"wp:featuredmedia":[{"embeddable":true,"href":"https:\/\/www.xn--quesospealajo-pkb.com\/index.php\/wp-json\/wp\/v2\/media\/3238"}],"wp:attachment":[{"href":"https:\/\/www.xn--quesospealajo-pkb.com\/index.php\/wp-json\/wp\/v2\/media?parent=1790"}],"wp:term":[{"taxonomy":"product_cat","embeddable":true,"href":"https:\/\/www.xn--quesospealajo-pkb.com\/index.php\/wp-json\/wp\/v2\/product_cat?post=1790"},{"taxonomy":"product_tag","embeddable":true,"href":"https:\/\/www.xn--quesospealajo-pkb.com\/index.php\/wp-json\/wp\/v2\/product_tag?post=1790"}],"curies":[{"name":"wp","href":"https:\/\/api.w.org\/{rel}","templated":true}]}}