{"id":1785,"date":"2024-03-29T11:47:18","date_gmt":"2024-03-29T11:47:18","guid":{"rendered":"https:\/\/www.xn--quesospealajo-pkb.com\/?post_type=product&#038;p=1785"},"modified":"2025-04-16T10:08:40","modified_gmt":"2025-04-16T10:08:40","slug":"azafran-1gr","status":"publish","type":"product","link":"https:\/\/www.xn--quesospealajo-pkb.com\/index.php\/product\/azafran-1gr\/","title":{"rendered":"Azafr\u00e1n de La Mancha. Aroma intenso, fuerte y ex\u00f3tico y un ligero sabor amargo. Ideal para todo tipo de guisos y arroces."},"content":{"rendered":"","protected":false},"excerpt":{"rendered":"<p>D\u00e9jate cautivar por la riqueza y el aroma del Azafr\u00e1n<br \/>\nque ofrecemos. Con solo un gramo de este preciado<br \/>\ntesoro, podr\u00e1s elevar tus platos a nuevas alturas<br \/>\ngastron\u00f3micas. Sum\u00e9rgete en la tradici\u00f3n y el lujo<br \/>\nculinario con nuestro Azafr\u00e1n de Calidad Suprema,<br \/>\ncuidadosamente seleccionado para garantizar una<br \/>\nexperiencia sensorial incomparable. Descubre c\u00f3mo<br \/>\neste peque\u00f1o pero poderoso ingrediente puede<br \/>\ntransformar tus recetas en obras maestras culinarias.<\/p>\n","protected":false},"featured_media":3249,"comment_status":"open","ping_status":"closed","template":"","meta":[],"product_cat":[58],"product_tag":[],"class_list":{"0":"post-1785","1":"product","2":"type-product","3":"status-publish","4":"has-post-thumbnail","6":"product_cat-azafran","8":"first","9":"outofstock","10":"shipping-taxable","11":"purchasable","12":"product-type-simple"},"yoast_head":"<!-- This site is optimized with the Yoast SEO plugin v24.1 - https:\/\/yoast.com\/wordpress\/plugins\/seo\/ -->\n<title>Azafr\u00e1n de La Mancha. Aroma intenso, fuerte y ex\u00f3tico y un ligero sabor amargo. Ideal para todo tipo de guisos y arroces. - PE\u00d1ALAJO<\/title>\n<meta name=\"robots\" content=\"index, follow, max-snippet:-1, max-image-preview:large, max-video-preview:-1\" \/>\n<link rel=\"canonical\" href=\"https:\/\/www.xn--quesospealajo-pkb.com\/index.php\/product\/azafran-1gr\/\" \/>\n<meta property=\"og:locale\" content=\"es_ES\" \/>\n<meta property=\"og:type\" content=\"article\" \/>\n<meta property=\"og:title\" content=\"Azafr\u00e1n de La Mancha. Aroma intenso, fuerte y ex\u00f3tico y un ligero sabor amargo. Ideal para todo tipo de guisos y arroces. - PE\u00d1ALAJO\" \/>\n<meta property=\"og:description\" content=\"D\u00e9jate cautivar por la riqueza y el aroma del Azafr\u00e1n que ofrecemos. Con solo un gramo de este preciado tesoro, podr\u00e1s elevar tus platos a nuevas alturas gastron\u00f3micas. Sum\u00e9rgete en la tradici\u00f3n y el lujo culinario con nuestro Azafr\u00e1n de Calidad Suprema, cuidadosamente seleccionado para garantizar una experiencia sensorial incomparable. Descubre c\u00f3mo este peque\u00f1o pero poderoso ingrediente puede transformar tus recetas en obras maestras culinarias.\" \/>\n<meta property=\"og:url\" content=\"https:\/\/www.xn--quesospealajo-pkb.com\/index.php\/product\/azafran-1gr\/\" \/>\n<meta property=\"og:site_name\" content=\"PE\u00d1ALAJO\" \/>\n<meta property=\"article:publisher\" content=\"https:\/\/www.facebook.com\/p\/Quesos-PealajoQueso-Manchego-Artesano-100052597345109\" \/>\n<meta property=\"article:modified_time\" content=\"2025-04-16T10:08:40+00:00\" \/>\n<meta property=\"og:image\" content=\"https:\/\/www.xn--quesospealajo-pkb.com\/wp-content\/uploads\/2024\/03\/7.jpg\" \/>\n\t<meta property=\"og:image:width\" content=\"1080\" \/>\n\t<meta property=\"og:image:height\" content=\"1080\" \/>\n\t<meta property=\"og:image:type\" content=\"image\/jpeg\" \/>\n<meta name=\"twitter:card\" content=\"summary_large_image\" \/>\n<meta name=\"twitter:label1\" content=\"Tiempo de lectura\" \/>\n\t<meta name=\"twitter:data1\" content=\"1 minuto\" \/>\n<script type=\"application\/ld+json\" class=\"yoast-schema-graph\">{\"@context\":\"https:\/\/schema.org\",\"@graph\":[{\"@type\":\"WebPage\",\"@id\":\"https:\/\/www.xn--quesospealajo-pkb.com\/index.php\/product\/azafran-1gr\/\",\"url\":\"https:\/\/www.xn--quesospealajo-pkb.com\/index.php\/product\/azafran-1gr\/\",\"name\":\"Azafr\u00e1n de La Mancha. Aroma intenso, fuerte y ex\u00f3tico y un ligero sabor amargo. Ideal para todo tipo de guisos y arroces. - PE\u00d1ALAJO\",\"isPartOf\":{\"@id\":\"https:\/\/www.xn--quesospealajo-pkb.com\/#website\"},\"primaryImageOfPage\":{\"@id\":\"https:\/\/www.xn--quesospealajo-pkb.com\/index.php\/product\/azafran-1gr\/#primaryimage\"},\"image\":{\"@id\":\"https:\/\/www.xn--quesospealajo-pkb.com\/index.php\/product\/azafran-1gr\/#primaryimage\"},\"thumbnailUrl\":\"https:\/\/www.xn--quesospealajo-pkb.com\/wp-content\/uploads\/2024\/03\/7.jpg\",\"datePublished\":\"2024-03-29T11:47:18+00:00\",\"dateModified\":\"2025-04-16T10:08:40+00:00\",\"breadcrumb\":{\"@id\":\"https:\/\/www.xn--quesospealajo-pkb.com\/index.php\/product\/azafran-1gr\/#breadcrumb\"},\"inLanguage\":\"es\",\"potentialAction\":[{\"@type\":\"ReadAction\",\"target\":[\"https:\/\/www.xn--quesospealajo-pkb.com\/index.php\/product\/azafran-1gr\/\"]}]},{\"@type\":\"ImageObject\",\"inLanguage\":\"es\",\"@id\":\"https:\/\/www.xn--quesospealajo-pkb.com\/index.php\/product\/azafran-1gr\/#primaryimage\",\"url\":\"https:\/\/www.xn--quesospealajo-pkb.com\/wp-content\/uploads\/2024\/03\/7.jpg\",\"contentUrl\":\"https:\/\/www.xn--quesospealajo-pkb.com\/wp-content\/uploads\/2024\/03\/7.jpg\",\"width\":1080,\"height\":1080},{\"@type\":\"BreadcrumbList\",\"@id\":\"https:\/\/www.xn--quesospealajo-pkb.com\/index.php\/product\/azafran-1gr\/#breadcrumb\",\"itemListElement\":[{\"@type\":\"ListItem\",\"position\":1,\"name\":\"Home\",\"item\":\"https:\/\/www.xn--quesospealajo-pkb.com\/\"},{\"@type\":\"ListItem\",\"position\":2,\"name\":\"Shop\",\"item\":\"https:\/\/www.xn--quesospealajo-pkb.com\/index.php\/shop\/\"},{\"@type\":\"ListItem\",\"position\":3,\"name\":\"Azafr\u00e1n de La Mancha. Aroma intenso, fuerte y ex\u00f3tico y un ligero sabor amargo. Ideal para todo tipo de guisos y arroces.\"}]},{\"@type\":\"WebSite\",\"@id\":\"https:\/\/www.xn--quesospealajo-pkb.com\/#website\",\"url\":\"https:\/\/www.xn--quesospealajo-pkb.com\/\",\"name\":\"PE\u00d1ALAJO\",\"description\":\"\",\"publisher\":{\"@id\":\"https:\/\/www.xn--quesospealajo-pkb.com\/#organization\"},\"potentialAction\":[{\"@type\":\"SearchAction\",\"target\":{\"@type\":\"EntryPoint\",\"urlTemplate\":\"https:\/\/www.xn--quesospealajo-pkb.com\/?s={search_term_string}\"},\"query-input\":{\"@type\":\"PropertyValueSpecification\",\"valueRequired\":true,\"valueName\":\"search_term_string\"}}],\"inLanguage\":\"es\"},{\"@type\":\"Organization\",\"@id\":\"https:\/\/www.xn--quesospealajo-pkb.com\/#organization\",\"name\":\"PE\u00d1ALAJO\",\"url\":\"https:\/\/www.xn--quesospealajo-pkb.com\/\",\"logo\":{\"@type\":\"ImageObject\",\"inLanguage\":\"es\",\"@id\":\"https:\/\/www.xn--quesospealajo-pkb.com\/#\/schema\/logo\/image\/\",\"url\":\"https:\/\/www.xn--quesospealajo-pkb.com\/wp-content\/uploads\/2024\/03\/LOGO-QUESOS-PENALAJO-1-version-ANTIGUA.png\",\"contentUrl\":\"https:\/\/www.xn--quesospealajo-pkb.com\/wp-content\/uploads\/2024\/03\/LOGO-QUESOS-PENALAJO-1-version-ANTIGUA.png\",\"width\":561,\"height\":553,\"caption\":\"PE\u00d1ALAJO\"},\"image\":{\"@id\":\"https:\/\/www.xn--quesospealajo-pkb.com\/#\/schema\/logo\/image\/\"},\"sameAs\":[\"https:\/\/www.facebook.com\/p\/Quesos-PealajoQueso-Manchego-Artesano-100052597345109\",\"https:\/\/www.instagram.com\/quesospenalajo\/\"]}]}<\/script>\n<!-- \/ Yoast SEO plugin. -->","yoast_head_json":{"title":"Azafr\u00e1n de La Mancha. Aroma intenso, fuerte y ex\u00f3tico y un ligero sabor amargo. Ideal para todo tipo de guisos y arroces. - PE\u00d1ALAJO","robots":{"index":"index","follow":"follow","max-snippet":"max-snippet:-1","max-image-preview":"max-image-preview:large","max-video-preview":"max-video-preview:-1"},"canonical":"https:\/\/www.xn--quesospealajo-pkb.com\/index.php\/product\/azafran-1gr\/","og_locale":"es_ES","og_type":"article","og_title":"Azafr\u00e1n de La Mancha. Aroma intenso, fuerte y ex\u00f3tico y un ligero sabor amargo. Ideal para todo tipo de guisos y arroces. - PE\u00d1ALAJO","og_description":"D\u00e9jate cautivar por la riqueza y el aroma del Azafr\u00e1n que ofrecemos. Con solo un gramo de este preciado tesoro, podr\u00e1s elevar tus platos a nuevas alturas gastron\u00f3micas. Sum\u00e9rgete en la tradici\u00f3n y el lujo culinario con nuestro Azafr\u00e1n de Calidad Suprema, cuidadosamente seleccionado para garantizar una experiencia sensorial incomparable. Descubre c\u00f3mo este peque\u00f1o pero poderoso ingrediente puede transformar tus recetas en obras maestras culinarias.","og_url":"https:\/\/www.xn--quesospealajo-pkb.com\/index.php\/product\/azafran-1gr\/","og_site_name":"PE\u00d1ALAJO","article_publisher":"https:\/\/www.facebook.com\/p\/Quesos-PealajoQueso-Manchego-Artesano-100052597345109","article_modified_time":"2025-04-16T10:08:40+00:00","og_image":[{"width":1080,"height":1080,"url":"https:\/\/www.xn--quesospealajo-pkb.com\/wp-content\/uploads\/2024\/03\/7.jpg","type":"image\/jpeg"}],"twitter_card":"summary_large_image","twitter_misc":{"Tiempo de lectura":"1 minuto"},"schema":{"@context":"https:\/\/schema.org","@graph":[{"@type":"WebPage","@id":"https:\/\/www.xn--quesospealajo-pkb.com\/index.php\/product\/azafran-1gr\/","url":"https:\/\/www.xn--quesospealajo-pkb.com\/index.php\/product\/azafran-1gr\/","name":"Azafr\u00e1n de La Mancha. Aroma intenso, fuerte y ex\u00f3tico y un ligero sabor amargo. Ideal para todo tipo de guisos y arroces. - PE\u00d1ALAJO","isPartOf":{"@id":"https:\/\/www.xn--quesospealajo-pkb.com\/#website"},"primaryImageOfPage":{"@id":"https:\/\/www.xn--quesospealajo-pkb.com\/index.php\/product\/azafran-1gr\/#primaryimage"},"image":{"@id":"https:\/\/www.xn--quesospealajo-pkb.com\/index.php\/product\/azafran-1gr\/#primaryimage"},"thumbnailUrl":"https:\/\/www.xn--quesospealajo-pkb.com\/wp-content\/uploads\/2024\/03\/7.jpg","datePublished":"2024-03-29T11:47:18+00:00","dateModified":"2025-04-16T10:08:40+00:00","breadcrumb":{"@id":"https:\/\/www.xn--quesospealajo-pkb.com\/index.php\/product\/azafran-1gr\/#breadcrumb"},"inLanguage":"es","potentialAction":[{"@type":"ReadAction","target":["https:\/\/www.xn--quesospealajo-pkb.com\/index.php\/product\/azafran-1gr\/"]}]},{"@type":"ImageObject","inLanguage":"es","@id":"https:\/\/www.xn--quesospealajo-pkb.com\/index.php\/product\/azafran-1gr\/#primaryimage","url":"https:\/\/www.xn--quesospealajo-pkb.com\/wp-content\/uploads\/2024\/03\/7.jpg","contentUrl":"https:\/\/www.xn--quesospealajo-pkb.com\/wp-content\/uploads\/2024\/03\/7.jpg","width":1080,"height":1080},{"@type":"BreadcrumbList","@id":"https:\/\/www.xn--quesospealajo-pkb.com\/index.php\/product\/azafran-1gr\/#breadcrumb","itemListElement":[{"@type":"ListItem","position":1,"name":"Home","item":"https:\/\/www.xn--quesospealajo-pkb.com\/"},{"@type":"ListItem","position":2,"name":"Shop","item":"https:\/\/www.xn--quesospealajo-pkb.com\/index.php\/shop\/"},{"@type":"ListItem","position":3,"name":"Azafr\u00e1n de La Mancha. Aroma intenso, fuerte y ex\u00f3tico y un ligero sabor amargo. Ideal para todo tipo de guisos y arroces."}]},{"@type":"WebSite","@id":"https:\/\/www.xn--quesospealajo-pkb.com\/#website","url":"https:\/\/www.xn--quesospealajo-pkb.com\/","name":"PE\u00d1ALAJO","description":"","publisher":{"@id":"https:\/\/www.xn--quesospealajo-pkb.com\/#organization"},"potentialAction":[{"@type":"SearchAction","target":{"@type":"EntryPoint","urlTemplate":"https:\/\/www.xn--quesospealajo-pkb.com\/?s={search_term_string}"},"query-input":{"@type":"PropertyValueSpecification","valueRequired":true,"valueName":"search_term_string"}}],"inLanguage":"es"},{"@type":"Organization","@id":"https:\/\/www.xn--quesospealajo-pkb.com\/#organization","name":"PE\u00d1ALAJO","url":"https:\/\/www.xn--quesospealajo-pkb.com\/","logo":{"@type":"ImageObject","inLanguage":"es","@id":"https:\/\/www.xn--quesospealajo-pkb.com\/#\/schema\/logo\/image\/","url":"https:\/\/www.xn--quesospealajo-pkb.com\/wp-content\/uploads\/2024\/03\/LOGO-QUESOS-PENALAJO-1-version-ANTIGUA.png","contentUrl":"https:\/\/www.xn--quesospealajo-pkb.com\/wp-content\/uploads\/2024\/03\/LOGO-QUESOS-PENALAJO-1-version-ANTIGUA.png","width":561,"height":553,"caption":"PE\u00d1ALAJO"},"image":{"@id":"https:\/\/www.xn--quesospealajo-pkb.com\/#\/schema\/logo\/image\/"},"sameAs":["https:\/\/www.facebook.com\/p\/Quesos-PealajoQueso-Manchego-Artesano-100052597345109","https:\/\/www.instagram.com\/quesospenalajo\/"]}]}},"_links":{"self":[{"href":"https:\/\/www.xn--quesospealajo-pkb.com\/index.php\/wp-json\/wp\/v2\/product\/1785","targetHints":{"allow":["GET"]}}],"collection":[{"href":"https:\/\/www.xn--quesospealajo-pkb.com\/index.php\/wp-json\/wp\/v2\/product"}],"about":[{"href":"https:\/\/www.xn--quesospealajo-pkb.com\/index.php\/wp-json\/wp\/v2\/types\/product"}],"replies":[{"embeddable":true,"href":"https:\/\/www.xn--quesospealajo-pkb.com\/index.php\/wp-json\/wp\/v2\/comments?post=1785"}],"wp:featuredmedia":[{"embeddable":true,"href":"https:\/\/www.xn--quesospealajo-pkb.com\/index.php\/wp-json\/wp\/v2\/media\/3249"}],"wp:attachment":[{"href":"https:\/\/www.xn--quesospealajo-pkb.com\/index.php\/wp-json\/wp\/v2\/media?parent=1785"}],"wp:term":[{"taxonomy":"product_cat","embeddable":true,"href":"https:\/\/www.xn--quesospealajo-pkb.com\/index.php\/wp-json\/wp\/v2\/product_cat?post=1785"},{"taxonomy":"product_tag","embeddable":true,"href":"https:\/\/www.xn--quesospealajo-pkb.com\/index.php\/wp-json\/wp\/v2\/product_tag?post=1785"}],"curies":[{"name":"wp","href":"https:\/\/api.w.org\/{rel}","templated":true}]}}