{"id":1772,"date":"2024-03-29T11:33:29","date_gmt":"2024-03-29T11:33:29","guid":{"rendered":"https:\/\/www.xn--quesospealajo-pkb.com\/?post_type=product&#038;p=1772"},"modified":"2026-04-07T07:10:53","modified_gmt":"2026-04-07T07:10:53","slug":"penalajo-queso-semicurado-elaborado-con-leche-cruda-de-oveja","status":"publish","type":"product","link":"https:\/\/www.xn--quesospealajo-pkb.com\/index.php\/product\/penalajo-queso-semicurado-elaborado-con-leche-cruda-de-oveja\/","title":{"rendered":"Pe\u00f1alajo Queso Semicurado. Elaborado con leche cruda de oveja"},"content":{"rendered":"","protected":false},"excerpt":{"rendered":"<p><span style=\"vertical-align: inherit;\"><span style=\"vertical-align: inherit;\">Queso elaborado con leche cruda de oveja con una curaci\u00f3n entre 2 y 5 meses. <\/span><\/span><br \/>\n<span style=\"vertical-align: inherit;\"><span style=\"vertical-align: inherit;\">Lo elaboramos de forma tradicional desde hace casi un siglo. <\/span><\/span><br \/>\n<strong><span style=\"vertical-align: inherit;\"><span style=\"vertical-align: inherit;\">Caracter\u00edsticas: &#8211;<\/span><\/span><\/strong><span style=\"vertical-align: inherit;\"><span style=\"vertical-align: inherit;\"> Corteza dura natural de color miel\/marr\u00f3n claro y pasta firme. Al corte presenta una tonalidad pajiza a marfil y algunos ojos repartidos de forma desigual. <\/span><\/span><br \/>\n<strong><span style=\"vertical-align: inherit;\"><span style=\"vertical-align: inherit;\">Olor: &#8211;<\/span><\/span><\/strong><span style=\"vertical-align: inherit;\"><span style=\"vertical-align: inherit;\"> De aroma penetrante <\/span><\/span><br \/>\n<strong><span style=\"vertical-align: inherit;\"><span style=\"vertical-align: inherit;\">Sabor: &#8211;<\/span><\/span><\/strong><span style=\"vertical-align: inherit;\"><span style=\"vertical-align: inherit;\"> sabor con ligeros toques \u00e1cidos, hierba, heno<\/span><\/span><\/p>\n","protected":false},"featured_media":2134,"comment_status":"open","ping_status":"closed","template":"","meta":[],"product_cat":[56],"product_tag":[],"class_list":{"0":"post-1772","1":"product","2":"type-product","3":"status-publish","4":"has-post-thumbnail","6":"product_cat-queso","8":"first","9":"outofstock","10":"shipping-taxable","11":"purchasable","12":"product-type-variable","13":"has-default-attributes"},"yoast_head":"<!-- This site is optimized with the Yoast SEO plugin v24.1 - https:\/\/yoast.com\/wordpress\/plugins\/seo\/ -->\n<title>Pe\u00f1alajo Queso Semicurado. Elaborado con leche cruda de oveja - PE\u00d1ALAJO<\/title>\n<meta name=\"robots\" content=\"index, follow, max-snippet:-1, max-image-preview:large, max-video-preview:-1\" \/>\n<link rel=\"canonical\" href=\"https:\/\/www.xn--quesospealajo-pkb.com\/index.php\/product\/penalajo-queso-semicurado-elaborado-con-leche-cruda-de-oveja\/\" \/>\n<meta property=\"og:locale\" content=\"es_ES\" \/>\n<meta property=\"og:type\" content=\"article\" \/>\n<meta property=\"og:title\" content=\"Pe\u00f1alajo Queso Semicurado. Elaborado con leche cruda de oveja - PE\u00d1ALAJO\" \/>\n<meta property=\"og:description\" content=\"Queso elaborado con leche cruda de oveja con una curaci\u00f3n entre 2 y 5 meses.  Lo elaboramos de forma tradicional desde hace casi un siglo.  Caracter\u00edsticas: - Corteza dura natural de color miel\/marr\u00f3n claro y pasta firme. Al corte presenta una tonalidad pajiza a marfil y algunos ojos repartidos de forma desigual.  Olor: - De aroma penetrante  Sabor: - sabor con ligeros toques \u00e1cidos, hierba, heno\" \/>\n<meta property=\"og:url\" content=\"https:\/\/www.xn--quesospealajo-pkb.com\/index.php\/product\/penalajo-queso-semicurado-elaborado-con-leche-cruda-de-oveja\/\" \/>\n<meta property=\"og:site_name\" content=\"PE\u00d1ALAJO\" \/>\n<meta property=\"article:publisher\" content=\"https:\/\/www.facebook.com\/p\/Quesos-PealajoQueso-Manchego-Artesano-100052597345109\" \/>\n<meta property=\"article:modified_time\" content=\"2026-04-07T07:10:53+00:00\" \/>\n<meta property=\"og:image\" content=\"https:\/\/www.xn--quesospealajo-pkb.com\/wp-content\/uploads\/2024\/03\/queso-semicurado.png\" \/>\n\t<meta property=\"og:image:width\" content=\"1440\" \/>\n\t<meta property=\"og:image:height\" content=\"1440\" \/>\n\t<meta property=\"og:image:type\" content=\"image\/png\" \/>\n<meta name=\"twitter:card\" content=\"summary_large_image\" \/>\n<meta name=\"twitter:label1\" content=\"Tiempo de lectura\" \/>\n\t<meta name=\"twitter:data1\" content=\"1 minuto\" \/>\n<script type=\"application\/ld+json\" class=\"yoast-schema-graph\">{\"@context\":\"https:\/\/schema.org\",\"@graph\":[{\"@type\":\"WebPage\",\"@id\":\"https:\/\/www.xn--quesospealajo-pkb.com\/index.php\/product\/penalajo-queso-semicurado-elaborado-con-leche-cruda-de-oveja\/\",\"url\":\"https:\/\/www.xn--quesospealajo-pkb.com\/index.php\/product\/penalajo-queso-semicurado-elaborado-con-leche-cruda-de-oveja\/\",\"name\":\"Pe\u00f1alajo Queso Semicurado. Elaborado con leche cruda de oveja - PE\u00d1ALAJO\",\"isPartOf\":{\"@id\":\"https:\/\/www.xn--quesospealajo-pkb.com\/#website\"},\"primaryImageOfPage\":{\"@id\":\"https:\/\/www.xn--quesospealajo-pkb.com\/index.php\/product\/penalajo-queso-semicurado-elaborado-con-leche-cruda-de-oveja\/#primaryimage\"},\"image\":{\"@id\":\"https:\/\/www.xn--quesospealajo-pkb.com\/index.php\/product\/penalajo-queso-semicurado-elaborado-con-leche-cruda-de-oveja\/#primaryimage\"},\"thumbnailUrl\":\"https:\/\/www.xn--quesospealajo-pkb.com\/wp-content\/uploads\/2024\/03\/queso-semicurado.png\",\"datePublished\":\"2024-03-29T11:33:29+00:00\",\"dateModified\":\"2026-04-07T07:10:53+00:00\",\"breadcrumb\":{\"@id\":\"https:\/\/www.xn--quesospealajo-pkb.com\/index.php\/product\/penalajo-queso-semicurado-elaborado-con-leche-cruda-de-oveja\/#breadcrumb\"},\"inLanguage\":\"es\",\"potentialAction\":[{\"@type\":\"ReadAction\",\"target\":[\"https:\/\/www.xn--quesospealajo-pkb.com\/index.php\/product\/penalajo-queso-semicurado-elaborado-con-leche-cruda-de-oveja\/\"]}]},{\"@type\":\"ImageObject\",\"inLanguage\":\"es\",\"@id\":\"https:\/\/www.xn--quesospealajo-pkb.com\/index.php\/product\/penalajo-queso-semicurado-elaborado-con-leche-cruda-de-oveja\/#primaryimage\",\"url\":\"https:\/\/www.xn--quesospealajo-pkb.com\/wp-content\/uploads\/2024\/03\/queso-semicurado.png\",\"contentUrl\":\"https:\/\/www.xn--quesospealajo-pkb.com\/wp-content\/uploads\/2024\/03\/queso-semicurado.png\",\"width\":1440,\"height\":1440},{\"@type\":\"BreadcrumbList\",\"@id\":\"https:\/\/www.xn--quesospealajo-pkb.com\/index.php\/product\/penalajo-queso-semicurado-elaborado-con-leche-cruda-de-oveja\/#breadcrumb\",\"itemListElement\":[{\"@type\":\"ListItem\",\"position\":1,\"name\":\"Home\",\"item\":\"https:\/\/www.xn--quesospealajo-pkb.com\/\"},{\"@type\":\"ListItem\",\"position\":2,\"name\":\"Shop\",\"item\":\"https:\/\/www.xn--quesospealajo-pkb.com\/index.php\/shop\/\"},{\"@type\":\"ListItem\",\"position\":3,\"name\":\"Pe\u00f1alajo Queso Semicurado. Elaborado con leche cruda de oveja\"}]},{\"@type\":\"WebSite\",\"@id\":\"https:\/\/www.xn--quesospealajo-pkb.com\/#website\",\"url\":\"https:\/\/www.xn--quesospealajo-pkb.com\/\",\"name\":\"PE\u00d1ALAJO\",\"description\":\"\",\"publisher\":{\"@id\":\"https:\/\/www.xn--quesospealajo-pkb.com\/#organization\"},\"potentialAction\":[{\"@type\":\"SearchAction\",\"target\":{\"@type\":\"EntryPoint\",\"urlTemplate\":\"https:\/\/www.xn--quesospealajo-pkb.com\/?s={search_term_string}\"},\"query-input\":{\"@type\":\"PropertyValueSpecification\",\"valueRequired\":true,\"valueName\":\"search_term_string\"}}],\"inLanguage\":\"es\"},{\"@type\":\"Organization\",\"@id\":\"https:\/\/www.xn--quesospealajo-pkb.com\/#organization\",\"name\":\"PE\u00d1ALAJO\",\"url\":\"https:\/\/www.xn--quesospealajo-pkb.com\/\",\"logo\":{\"@type\":\"ImageObject\",\"inLanguage\":\"es\",\"@id\":\"https:\/\/www.xn--quesospealajo-pkb.com\/#\/schema\/logo\/image\/\",\"url\":\"https:\/\/www.xn--quesospealajo-pkb.com\/wp-content\/uploads\/2024\/03\/LOGO-QUESOS-PENALAJO-1-version-ANTIGUA.png\",\"contentUrl\":\"https:\/\/www.xn--quesospealajo-pkb.com\/wp-content\/uploads\/2024\/03\/LOGO-QUESOS-PENALAJO-1-version-ANTIGUA.png\",\"width\":561,\"height\":553,\"caption\":\"PE\u00d1ALAJO\"},\"image\":{\"@id\":\"https:\/\/www.xn--quesospealajo-pkb.com\/#\/schema\/logo\/image\/\"},\"sameAs\":[\"https:\/\/www.facebook.com\/p\/Quesos-PealajoQueso-Manchego-Artesano-100052597345109\",\"https:\/\/www.instagram.com\/quesospenalajo\/\"]}]}<\/script>\n<!-- \/ Yoast SEO plugin. -->","yoast_head_json":{"title":"Pe\u00f1alajo Queso Semicurado. Elaborado con leche cruda de oveja - PE\u00d1ALAJO","robots":{"index":"index","follow":"follow","max-snippet":"max-snippet:-1","max-image-preview":"max-image-preview:large","max-video-preview":"max-video-preview:-1"},"canonical":"https:\/\/www.xn--quesospealajo-pkb.com\/index.php\/product\/penalajo-queso-semicurado-elaborado-con-leche-cruda-de-oveja\/","og_locale":"es_ES","og_type":"article","og_title":"Pe\u00f1alajo Queso Semicurado. Elaborado con leche cruda de oveja - PE\u00d1ALAJO","og_description":"Queso elaborado con leche cruda de oveja con una curaci\u00f3n entre 2 y 5 meses.  Lo elaboramos de forma tradicional desde hace casi un siglo.  Caracter\u00edsticas: - Corteza dura natural de color miel\/marr\u00f3n claro y pasta firme. Al corte presenta una tonalidad pajiza a marfil y algunos ojos repartidos de forma desigual.  Olor: - De aroma penetrante  Sabor: - sabor con ligeros toques \u00e1cidos, hierba, heno","og_url":"https:\/\/www.xn--quesospealajo-pkb.com\/index.php\/product\/penalajo-queso-semicurado-elaborado-con-leche-cruda-de-oveja\/","og_site_name":"PE\u00d1ALAJO","article_publisher":"https:\/\/www.facebook.com\/p\/Quesos-PealajoQueso-Manchego-Artesano-100052597345109","article_modified_time":"2026-04-07T07:10:53+00:00","og_image":[{"width":1440,"height":1440,"url":"https:\/\/www.xn--quesospealajo-pkb.com\/wp-content\/uploads\/2024\/03\/queso-semicurado.png","type":"image\/png"}],"twitter_card":"summary_large_image","twitter_misc":{"Tiempo de lectura":"1 minuto"},"schema":{"@context":"https:\/\/schema.org","@graph":[{"@type":"WebPage","@id":"https:\/\/www.xn--quesospealajo-pkb.com\/index.php\/product\/penalajo-queso-semicurado-elaborado-con-leche-cruda-de-oveja\/","url":"https:\/\/www.xn--quesospealajo-pkb.com\/index.php\/product\/penalajo-queso-semicurado-elaborado-con-leche-cruda-de-oveja\/","name":"Pe\u00f1alajo Queso Semicurado. Elaborado con leche cruda de oveja - PE\u00d1ALAJO","isPartOf":{"@id":"https:\/\/www.xn--quesospealajo-pkb.com\/#website"},"primaryImageOfPage":{"@id":"https:\/\/www.xn--quesospealajo-pkb.com\/index.php\/product\/penalajo-queso-semicurado-elaborado-con-leche-cruda-de-oveja\/#primaryimage"},"image":{"@id":"https:\/\/www.xn--quesospealajo-pkb.com\/index.php\/product\/penalajo-queso-semicurado-elaborado-con-leche-cruda-de-oveja\/#primaryimage"},"thumbnailUrl":"https:\/\/www.xn--quesospealajo-pkb.com\/wp-content\/uploads\/2024\/03\/queso-semicurado.png","datePublished":"2024-03-29T11:33:29+00:00","dateModified":"2026-04-07T07:10:53+00:00","breadcrumb":{"@id":"https:\/\/www.xn--quesospealajo-pkb.com\/index.php\/product\/penalajo-queso-semicurado-elaborado-con-leche-cruda-de-oveja\/#breadcrumb"},"inLanguage":"es","potentialAction":[{"@type":"ReadAction","target":["https:\/\/www.xn--quesospealajo-pkb.com\/index.php\/product\/penalajo-queso-semicurado-elaborado-con-leche-cruda-de-oveja\/"]}]},{"@type":"ImageObject","inLanguage":"es","@id":"https:\/\/www.xn--quesospealajo-pkb.com\/index.php\/product\/penalajo-queso-semicurado-elaborado-con-leche-cruda-de-oveja\/#primaryimage","url":"https:\/\/www.xn--quesospealajo-pkb.com\/wp-content\/uploads\/2024\/03\/queso-semicurado.png","contentUrl":"https:\/\/www.xn--quesospealajo-pkb.com\/wp-content\/uploads\/2024\/03\/queso-semicurado.png","width":1440,"height":1440},{"@type":"BreadcrumbList","@id":"https:\/\/www.xn--quesospealajo-pkb.com\/index.php\/product\/penalajo-queso-semicurado-elaborado-con-leche-cruda-de-oveja\/#breadcrumb","itemListElement":[{"@type":"ListItem","position":1,"name":"Home","item":"https:\/\/www.xn--quesospealajo-pkb.com\/"},{"@type":"ListItem","position":2,"name":"Shop","item":"https:\/\/www.xn--quesospealajo-pkb.com\/index.php\/shop\/"},{"@type":"ListItem","position":3,"name":"Pe\u00f1alajo Queso Semicurado. Elaborado con leche cruda de oveja"}]},{"@type":"WebSite","@id":"https:\/\/www.xn--quesospealajo-pkb.com\/#website","url":"https:\/\/www.xn--quesospealajo-pkb.com\/","name":"PE\u00d1ALAJO","description":"","publisher":{"@id":"https:\/\/www.xn--quesospealajo-pkb.com\/#organization"},"potentialAction":[{"@type":"SearchAction","target":{"@type":"EntryPoint","urlTemplate":"https:\/\/www.xn--quesospealajo-pkb.com\/?s={search_term_string}"},"query-input":{"@type":"PropertyValueSpecification","valueRequired":true,"valueName":"search_term_string"}}],"inLanguage":"es"},{"@type":"Organization","@id":"https:\/\/www.xn--quesospealajo-pkb.com\/#organization","name":"PE\u00d1ALAJO","url":"https:\/\/www.xn--quesospealajo-pkb.com\/","logo":{"@type":"ImageObject","inLanguage":"es","@id":"https:\/\/www.xn--quesospealajo-pkb.com\/#\/schema\/logo\/image\/","url":"https:\/\/www.xn--quesospealajo-pkb.com\/wp-content\/uploads\/2024\/03\/LOGO-QUESOS-PENALAJO-1-version-ANTIGUA.png","contentUrl":"https:\/\/www.xn--quesospealajo-pkb.com\/wp-content\/uploads\/2024\/03\/LOGO-QUESOS-PENALAJO-1-version-ANTIGUA.png","width":561,"height":553,"caption":"PE\u00d1ALAJO"},"image":{"@id":"https:\/\/www.xn--quesospealajo-pkb.com\/#\/schema\/logo\/image\/"},"sameAs":["https:\/\/www.facebook.com\/p\/Quesos-PealajoQueso-Manchego-Artesano-100052597345109","https:\/\/www.instagram.com\/quesospenalajo\/"]}]}},"_links":{"self":[{"href":"https:\/\/www.xn--quesospealajo-pkb.com\/index.php\/wp-json\/wp\/v2\/product\/1772","targetHints":{"allow":["GET"]}}],"collection":[{"href":"https:\/\/www.xn--quesospealajo-pkb.com\/index.php\/wp-json\/wp\/v2\/product"}],"about":[{"href":"https:\/\/www.xn--quesospealajo-pkb.com\/index.php\/wp-json\/wp\/v2\/types\/product"}],"replies":[{"embeddable":true,"href":"https:\/\/www.xn--quesospealajo-pkb.com\/index.php\/wp-json\/wp\/v2\/comments?post=1772"}],"wp:featuredmedia":[{"embeddable":true,"href":"https:\/\/www.xn--quesospealajo-pkb.com\/index.php\/wp-json\/wp\/v2\/media\/2134"}],"wp:attachment":[{"href":"https:\/\/www.xn--quesospealajo-pkb.com\/index.php\/wp-json\/wp\/v2\/media?parent=1772"}],"wp:term":[{"taxonomy":"product_cat","embeddable":true,"href":"https:\/\/www.xn--quesospealajo-pkb.com\/index.php\/wp-json\/wp\/v2\/product_cat?post=1772"},{"taxonomy":"product_tag","embeddable":true,"href":"https:\/\/www.xn--quesospealajo-pkb.com\/index.php\/wp-json\/wp\/v2\/product_tag?post=1772"}],"curies":[{"name":"wp","href":"https:\/\/api.w.org\/{rel}","templated":true}]}}