{"id":1641,"date":"2024-03-29T06:14:13","date_gmt":"2024-03-29T06:14:13","guid":{"rendered":"https:\/\/www.xn--quesospealajo-pkb.com\/?page_id=1641"},"modified":"2024-03-29T06:16:19","modified_gmt":"2024-03-29T06:16:19","slug":"aviso-legal-y-condiciones-de-uso","status":"publish","type":"page","link":"https:\/\/www.xn--quesospealajo-pkb.com\/index.php\/aviso-legal-y-condiciones-de-uso\/","title":{"rendered":"AVISO LEGAL Y CONDICIONES DE USO"},"content":{"rendered":"\t\t<div data-elementor-type=\"wp-page\" data-elementor-id=\"1641\" class=\"elementor elementor-1641\">\n\t\t\t\t<div class=\"elementor-element elementor-element-6ba3473 e-flex e-con-boxed e-con e-parent\" data-id=\"6ba3473\" data-element_type=\"container\">\n\t\t\t\t\t<div class=\"e-con-inner\">\n\t\t\t\t<div class=\"elementor-element elementor-element-f751dcf elementor-widget elementor-widget-text-editor\" data-id=\"f751dcf\" data-element_type=\"widget\" data-widget_type=\"text-editor.default\">\n\t\t\t\t<div class=\"elementor-widget-container\">\n\t\t\t<style>\/*! elementor - v3.23.0 - 25-07-2024 *\/\n.elementor-widget-text-editor.elementor-drop-cap-view-stacked .elementor-drop-cap{background-color:#69727d;color:#fff}.elementor-widget-text-editor.elementor-drop-cap-view-framed .elementor-drop-cap{color:#69727d;border:3px solid;background-color:transparent}.elementor-widget-text-editor:not(.elementor-drop-cap-view-default) .elementor-drop-cap{margin-top:8px}.elementor-widget-text-editor:not(.elementor-drop-cap-view-default) .elementor-drop-cap-letter{width:1em;height:1em}.elementor-widget-text-editor .elementor-drop-cap{float:left;text-align:center;line-height:1;font-size:50px}.elementor-widget-text-editor .elementor-drop-cap-letter{display:inline-block}<\/style>\t\t\t\t<p><strong>Informaci\u00f3n general<\/strong><\/p><p>Para dar cumplimiento con el deber de informaci\u00f3n recogido en el art\u00edculo 10 de la<em>Ley 34\/2002, de 11 de julio, de Servicios de la Sociedad de la Informaci\u00f3n y de Comercio Electr\u00f3nico<\/em>, a continuaci\u00f3n, se reflejan los siguientes datos:<\/p><ul><li>La empresa titular del dominio web es AGROPECUARIA TORREALVAR, S.L.con domicilio social en c\/ Juan Hurtado de Mendoza n\u00ba 17, 2B, 28036 Madrid (en lo sucesivo AT)<\/li><li>La sociedad est\u00e1 inscrita en el Registro Mercantil de Madrid | Inscripci\u00f3n 1 | Tomo 29.436\u00a0 | Folio 126\u00a0 | Secci\u00f3n 8\u00a0 | Hoja M-529.851 , CIF B-86356904.<\/li><li>Su dominio en Internet es: &#8212;&#8212;&#8212;&#8212;&#8212;&#8212;&#8212;-<\/li><li>Atiende a las comunicaciones de los usuarios y\/o interesados en la siguiente direcci\u00f3n de correo electr\u00f3nico: &#8212;&#8212;&#8212;&#8212;&#8212; y en el tel\u00e9fono 926338247<\/li><\/ul><p><strong>I.-Usuarios<\/strong><\/p><p>El acceso a y\/o uso del sitio Web atribuye a quien lo realiza la condici\u00f3n de usuario, aceptando, desde ese mismo momento, plenamente y sin reserva alguna, las presentes condiciones de uso, as\u00ed como las condiciones particulares que, en su caso, complementen, modifiquen o sustituyan las condiciones generales en relaci\u00f3n con determinados servicios y contenidos del sitio Web.<\/p><p><strong>II.-Uso del sitio Web, sus servicios y contenidos<\/strong><\/p><p>El usuario se compromete a utilizar el sitio Web y sus servicios y contenidos sin contravenir la legislaci\u00f3n vigente, la buena fe, los usos generalmente aceptados y el orden p\u00fablico. As\u00ed mismo, queda prohibido, el uso de la Web con fines il\u00edcitos o lesivos contra AT o cualquier tercero, o que, de cualquier forma, puedan causar perjuicio o impedir el normal funcionamiento del sitio Web.<\/p><p><strong>El usuario se compromete a utilizar el sitio Web cumpliendo lo previsto en las presentes Condiciones de Uso, as\u00ed como nuestra Pol\u00edtica de Privacidad y nuestra Pol\u00edtica de Cookies.<\/strong><\/p><p><strong>III.- Modificaci\u00f3n unilateral<\/strong><\/p><p>AT podr\u00e1 modificar unilateralmente y sin previo aviso, siempre que lo considere oportuno, la estructura y dise\u00f1o del sitio Web, as\u00ed como modificar o eliminar, los servicios, los contenidos y las condiciones de acceso y\/o uso del sitio Web.<\/p><ol><li><strong> Duraci\u00f3n<\/strong><\/li><\/ol><p>La duraci\u00f3n de la prestaci\u00f3n del servicio del sitio Web y de los servicios es de car\u00e1cter indefinido. Sin perjuicio de lo anterior, ATse reserva el derecho para, interrumpir, suspender o terminar la prestaci\u00f3n del servicio de la Web o de cualquiera de los servicios que lo integran, siempre que lo considere oportuno.<\/p><ol><li><strong> Propiedad Intelectual<\/strong><\/li><\/ol><p>AT, por si o como cesionaria, es titular de todos los derechos de propiedad intelectual e industrial de su p\u00e1gina web, as\u00ed como de los elementos contenidos en la misma (a t\u00edtulo enunciativo, im\u00e1genes, sonidos, audio, v\u00eddeo, software o texto; marcas o logotipos, combinaciones de colores, estructura y dise\u00f1o, selecci\u00f3n de materiales usados, programas de ordenador necesarios para su funcionamiento, acceso y uso, etc.)<\/p><p>Respecto de estos contenidos se proh\u00edbe:<\/p><p>&#8211; Su reproducci\u00f3n, distribuci\u00f3n o modificaci\u00f3n, a menos que se cuente con la autorizaci\u00f3n de sus leg\u00edtimos titulares o resulte legalmente permitido.<\/p><p>&#8211; Cualquier vulneraci\u00f3n de los derechos de AT o de sus leg\u00edtimos titulares sobre los mismos.<\/p><p>&#8211; Su utilizaci\u00f3n para todo tipo de fines comerciales o publicitarios, distintos de los estrictamente permitidos.<\/p><p>&#8211; Cualquier intento de obtener los contenidos del sitio Web por cualquier medio distinto de los que se pongan a disposici\u00f3n de los usuarios, as\u00ed como de los que habitualmente se empleen en la red, siempre que no causen perjuicio alguno al sitio Web.<\/p><p>A los efectos de preservar los posibles derechos de propiedad intelectual, en el caso de que cualquier usuario o un tercero considere que se ha producido una violaci\u00f3n de sus leg\u00edtimos derechos por la introducci\u00f3n de un determinado contenido en el sitio Web, deber\u00e1 notificar dicha circunstancia a AT indicando:<\/p><ul><li>Datos personales del interesado titular de los derechos presuntamente infringidos.<\/li><li>Si la reclamaci\u00f3n la presenta un tercero distinto del interesado, deber\u00e1 indicar la representaci\u00f3n con la que act\u00faa.<\/li><li>Contenidos protegidos por los derechos de propiedad intelectual y su ubicaci\u00f3n en el sitio Web.<\/li><li>Acreditaci\u00f3n de los citados derechos de propiedad intelectual.<\/li><li>Declaraci\u00f3n expresa en la que el interesado se responsabiliza de la veracidad de las informaciones facilitadas en la notificaci\u00f3n.<\/li><\/ul><p><strong>VI.- Pol\u00edtica de Protecci\u00f3n de Datos<\/strong><\/p><p>La Pol\u00edtica de Protecci\u00f3n de Datos de AT queda reflejada junto con el formulario de compra y el de registro como cliente y puede acceder a la misma a trav\u00e9s del siguiente link: Pol\u00edtica de Privacidad.<\/p><p>Por el mero hecho de visitar y navegar por este sitio Web no quedan registrados de forma autom\u00e1tica datos que permitan identificar nominativamente a los usuarios.<\/p><p>No obstante, si se recoge determinada informaci\u00f3n que queda grabada en los sistemas con el objeto de mejorar la navegaci\u00f3n del usuario, tal y como queda rese\u00f1ado en nuestra Pol\u00edtica de Cookies.<\/p><p>Para la utilizaci\u00f3n de determinados servicios de este sitio Web, ATpuede requerir del Usuario ciertos datos de car\u00e1cter personal (nombre, apellidos, correo electr\u00f3nico, etc.). En estos casos, AT proporcionar\u00e1 al Usuario la informaci\u00f3n necesaria para el tratamiento de sus datos, antes de proceder al mismo.<\/p><p><strong>VII. Menores de edad<\/strong><\/p><p>Queda prohibido el acceso y uso de la p\u00e1gina a los menores de edad no autorizados. Los menores de edad deben solicitar y obtener el permiso de sus padres, del tutor o del representante legal antes de poder acceder a los contenidos que se incorporan en el Portal.<\/p><p>Sin embargo, la condici\u00f3n de Cliente nunca podr\u00e1 ser ostentada por un menor de edad, salvo que el mismo act\u00fae mediante representante legal. AT recuerda que ser\u00e1 responsabilidad de los progenitores o tutores ejercer un control adecuado sobre la actividad de los hijos o menores a su cargo.<\/p><p><strong>VIII. EXCLUSI\u00d3N DE GARANT\u00cdAS Y RESPONSABILIDADES<\/strong><\/p><p>AT no se hace responsable, en ning\u00fan caso, de los da\u00f1os y perjuicios de cualquier naturaleza que pudieran ocasionar, a t\u00edtulo enunciativo: errores u omisiones en los contenidos, falta de disponibilidad del portal o la transmisi\u00f3n de virus o programas maliciosos o lesivos en los contenidos, a pesar de haber adoptado todas las medidas tecnol\u00f3gicas necesarias para evitarlo.<\/p><ol><li><strong> LINKS Y ENLACES A OTROS SITIOS WEBS.<\/strong><\/li><\/ol><p>En el caso de que en la p\u00e1gina Web se dispusiesen enlaces o hiperv\u00ednculos hacia otros sitios de internet,AT no ejercer\u00e1 ning\u00fan tipo de control sobre dichos sitios y contenidos. En ning\u00fan caso AT asumir\u00e1 responsabilidad alguna por los contenidos de alg\u00fan enlace perteneciente a un sitio web ajeno ni garantizar\u00e1 la disponibilidad t\u00e9cnica, calidad, fiabilidad, exactitud, amplitud, veracidad, validez y constitucionalidad de cualquier material o informaci\u00f3n contenida en ninguno de dichos hiperv\u00ednculos u otros sitios de internet. Igualmente, la inclusi\u00f3n de estas conexiones externas no implicar\u00e1 ning\u00fan tipo de asociaci\u00f3n, fusi\u00f3n, o participaci\u00f3n con las entidades conectadas.<\/p><ol><li><strong> LEGISLACI\u00d3N APLICABLE <\/strong><\/li><\/ol><p>La prestaci\u00f3n del servicio del sitio Web y las presentes condiciones generales que rigen el mismo quedan sujetos a la legislaci\u00f3n espa\u00f1ola.<\/p>\t\t\t\t\t\t<\/div>\n\t\t\t\t<\/div>\n\t\t\t\t\t<\/div>\n\t\t\t\t<\/div>\n\t\t\t\t<\/div>\n\t\t","protected":false},"excerpt":{"rendered":"<p>Informaci\u00f3n general Para dar cumplimiento con el deber de informaci\u00f3n recogido en el art\u00edculo 10 de laLey 34\/2002, de 11 de julio, de Servicios de la Sociedad de la Informaci\u00f3n y de Comercio Electr\u00f3nico, a continuaci\u00f3n, se reflejan los siguientes datos: La empresa titular del dominio web es AGROPECUARIA TORREALVAR, S.L.con domicilio social en c\/ [&hellip;]<\/p>\n","protected":false},"author":1,"featured_media":0,"parent":0,"menu_order":0,"comment_status":"closed","ping_status":"closed","template":"","meta":{"footnotes":""},"class_list":["post-1641","page","type-page","status-publish","hentry"],"yoast_head":"<!-- This site is optimized with the Yoast SEO plugin v24.1 - https:\/\/yoast.com\/wordpress\/plugins\/seo\/ -->\n<title>AVISO LEGAL Y CONDICIONES DE USO - PE\u00d1ALAJO<\/title>\n<meta name=\"robots\" content=\"index, follow, max-snippet:-1, max-image-preview:large, max-video-preview:-1\" \/>\n<link rel=\"canonical\" href=\"https:\/\/www.xn--quesospealajo-pkb.com\/index.php\/aviso-legal-y-condiciones-de-uso\/\" \/>\n<meta property=\"og:locale\" content=\"es_ES\" \/>\n<meta property=\"og:type\" content=\"article\" \/>\n<meta property=\"og:title\" content=\"AVISO LEGAL Y CONDICIONES DE USO - PE\u00d1ALAJO\" \/>\n<meta property=\"og:description\" content=\"Informaci\u00f3n general Para dar cumplimiento con el deber de informaci\u00f3n recogido en el art\u00edculo 10 de laLey 34\/2002, de 11 de julio, de Servicios de la Sociedad de la Informaci\u00f3n y de Comercio Electr\u00f3nico, a continuaci\u00f3n, se reflejan los siguientes datos: La empresa titular del dominio web es AGROPECUARIA TORREALVAR, S.L.con domicilio social en c\/ [&hellip;]\" \/>\n<meta property=\"og:url\" content=\"https:\/\/www.xn--quesospealajo-pkb.com\/index.php\/aviso-legal-y-condiciones-de-uso\/\" \/>\n<meta property=\"og:site_name\" content=\"PE\u00d1ALAJO\" \/>\n<meta property=\"article:publisher\" content=\"https:\/\/www.facebook.com\/p\/Quesos-PealajoQueso-Manchego-Artesano-100052597345109\" \/>\n<meta property=\"article:modified_time\" content=\"2024-03-29T06:16:19+00:00\" \/>\n<meta name=\"twitter:card\" content=\"summary_large_image\" \/>\n<meta name=\"twitter:label1\" content=\"Tiempo de lectura\" \/>\n\t<meta name=\"twitter:data1\" content=\"6 minutos\" \/>\n<script type=\"application\/ld+json\" class=\"yoast-schema-graph\">{\"@context\":\"https:\/\/schema.org\",\"@graph\":[{\"@type\":\"WebPage\",\"@id\":\"https:\/\/www.xn--quesospealajo-pkb.com\/index.php\/aviso-legal-y-condiciones-de-uso\/\",\"url\":\"https:\/\/www.xn--quesospealajo-pkb.com\/index.php\/aviso-legal-y-condiciones-de-uso\/\",\"name\":\"AVISO LEGAL Y CONDICIONES DE USO - PE\u00d1ALAJO\",\"isPartOf\":{\"@id\":\"https:\/\/www.xn--quesospealajo-pkb.com\/#website\"},\"datePublished\":\"2024-03-29T06:14:13+00:00\",\"dateModified\":\"2024-03-29T06:16:19+00:00\",\"breadcrumb\":{\"@id\":\"https:\/\/www.xn--quesospealajo-pkb.com\/index.php\/aviso-legal-y-condiciones-de-uso\/#breadcrumb\"},\"inLanguage\":\"es\",\"potentialAction\":[{\"@type\":\"ReadAction\",\"target\":[\"https:\/\/www.xn--quesospealajo-pkb.com\/index.php\/aviso-legal-y-condiciones-de-uso\/\"]}]},{\"@type\":\"BreadcrumbList\",\"@id\":\"https:\/\/www.xn--quesospealajo-pkb.com\/index.php\/aviso-legal-y-condiciones-de-uso\/#breadcrumb\",\"itemListElement\":[{\"@type\":\"ListItem\",\"position\":1,\"name\":\"Home\",\"item\":\"https:\/\/www.xn--quesospealajo-pkb.com\/\"},{\"@type\":\"ListItem\",\"position\":2,\"name\":\"AVISO LEGAL Y CONDICIONES DE USO\"}]},{\"@type\":\"WebSite\",\"@id\":\"https:\/\/www.xn--quesospealajo-pkb.com\/#website\",\"url\":\"https:\/\/www.xn--quesospealajo-pkb.com\/\",\"name\":\"PE\u00d1ALAJO\",\"description\":\"\",\"publisher\":{\"@id\":\"https:\/\/www.xn--quesospealajo-pkb.com\/#organization\"},\"potentialAction\":[{\"@type\":\"SearchAction\",\"target\":{\"@type\":\"EntryPoint\",\"urlTemplate\":\"https:\/\/www.xn--quesospealajo-pkb.com\/?s={search_term_string}\"},\"query-input\":{\"@type\":\"PropertyValueSpecification\",\"valueRequired\":true,\"valueName\":\"search_term_string\"}}],\"inLanguage\":\"es\"},{\"@type\":\"Organization\",\"@id\":\"https:\/\/www.xn--quesospealajo-pkb.com\/#organization\",\"name\":\"PE\u00d1ALAJO\",\"url\":\"https:\/\/www.xn--quesospealajo-pkb.com\/\",\"logo\":{\"@type\":\"ImageObject\",\"inLanguage\":\"es\",\"@id\":\"https:\/\/www.xn--quesospealajo-pkb.com\/#\/schema\/logo\/image\/\",\"url\":\"https:\/\/www.xn--quesospealajo-pkb.com\/wp-content\/uploads\/2024\/03\/LOGO-QUESOS-PENALAJO-1-version-ANTIGUA.png\",\"contentUrl\":\"https:\/\/www.xn--quesospealajo-pkb.com\/wp-content\/uploads\/2024\/03\/LOGO-QUESOS-PENALAJO-1-version-ANTIGUA.png\",\"width\":561,\"height\":553,\"caption\":\"PE\u00d1ALAJO\"},\"image\":{\"@id\":\"https:\/\/www.xn--quesospealajo-pkb.com\/#\/schema\/logo\/image\/\"},\"sameAs\":[\"https:\/\/www.facebook.com\/p\/Quesos-PealajoQueso-Manchego-Artesano-100052597345109\",\"https:\/\/www.instagram.com\/quesospenalajo\/\"]}]}<\/script>\n<!-- \/ Yoast SEO plugin. -->","yoast_head_json":{"title":"AVISO LEGAL Y CONDICIONES DE USO - PE\u00d1ALAJO","robots":{"index":"index","follow":"follow","max-snippet":"max-snippet:-1","max-image-preview":"max-image-preview:large","max-video-preview":"max-video-preview:-1"},"canonical":"https:\/\/www.xn--quesospealajo-pkb.com\/index.php\/aviso-legal-y-condiciones-de-uso\/","og_locale":"es_ES","og_type":"article","og_title":"AVISO LEGAL Y CONDICIONES DE USO - PE\u00d1ALAJO","og_description":"Informaci\u00f3n general Para dar cumplimiento con el deber de informaci\u00f3n recogido en el art\u00edculo 10 de laLey 34\/2002, de 11 de julio, de Servicios de la Sociedad de la Informaci\u00f3n y de Comercio Electr\u00f3nico, a continuaci\u00f3n, se reflejan los siguientes datos: La empresa titular del dominio web es AGROPECUARIA TORREALVAR, S.L.con domicilio social en c\/ [&hellip;]","og_url":"https:\/\/www.xn--quesospealajo-pkb.com\/index.php\/aviso-legal-y-condiciones-de-uso\/","og_site_name":"PE\u00d1ALAJO","article_publisher":"https:\/\/www.facebook.com\/p\/Quesos-PealajoQueso-Manchego-Artesano-100052597345109","article_modified_time":"2024-03-29T06:16:19+00:00","twitter_card":"summary_large_image","twitter_misc":{"Tiempo de lectura":"6 minutos"},"schema":{"@context":"https:\/\/schema.org","@graph":[{"@type":"WebPage","@id":"https:\/\/www.xn--quesospealajo-pkb.com\/index.php\/aviso-legal-y-condiciones-de-uso\/","url":"https:\/\/www.xn--quesospealajo-pkb.com\/index.php\/aviso-legal-y-condiciones-de-uso\/","name":"AVISO LEGAL Y CONDICIONES DE USO - PE\u00d1ALAJO","isPartOf":{"@id":"https:\/\/www.xn--quesospealajo-pkb.com\/#website"},"datePublished":"2024-03-29T06:14:13+00:00","dateModified":"2024-03-29T06:16:19+00:00","breadcrumb":{"@id":"https:\/\/www.xn--quesospealajo-pkb.com\/index.php\/aviso-legal-y-condiciones-de-uso\/#breadcrumb"},"inLanguage":"es","potentialAction":[{"@type":"ReadAction","target":["https:\/\/www.xn--quesospealajo-pkb.com\/index.php\/aviso-legal-y-condiciones-de-uso\/"]}]},{"@type":"BreadcrumbList","@id":"https:\/\/www.xn--quesospealajo-pkb.com\/index.php\/aviso-legal-y-condiciones-de-uso\/#breadcrumb","itemListElement":[{"@type":"ListItem","position":1,"name":"Home","item":"https:\/\/www.xn--quesospealajo-pkb.com\/"},{"@type":"ListItem","position":2,"name":"AVISO LEGAL Y CONDICIONES DE USO"}]},{"@type":"WebSite","@id":"https:\/\/www.xn--quesospealajo-pkb.com\/#website","url":"https:\/\/www.xn--quesospealajo-pkb.com\/","name":"PE\u00d1ALAJO","description":"","publisher":{"@id":"https:\/\/www.xn--quesospealajo-pkb.com\/#organization"},"potentialAction":[{"@type":"SearchAction","target":{"@type":"EntryPoint","urlTemplate":"https:\/\/www.xn--quesospealajo-pkb.com\/?s={search_term_string}"},"query-input":{"@type":"PropertyValueSpecification","valueRequired":true,"valueName":"search_term_string"}}],"inLanguage":"es"},{"@type":"Organization","@id":"https:\/\/www.xn--quesospealajo-pkb.com\/#organization","name":"PE\u00d1ALAJO","url":"https:\/\/www.xn--quesospealajo-pkb.com\/","logo":{"@type":"ImageObject","inLanguage":"es","@id":"https:\/\/www.xn--quesospealajo-pkb.com\/#\/schema\/logo\/image\/","url":"https:\/\/www.xn--quesospealajo-pkb.com\/wp-content\/uploads\/2024\/03\/LOGO-QUESOS-PENALAJO-1-version-ANTIGUA.png","contentUrl":"https:\/\/www.xn--quesospealajo-pkb.com\/wp-content\/uploads\/2024\/03\/LOGO-QUESOS-PENALAJO-1-version-ANTIGUA.png","width":561,"height":553,"caption":"PE\u00d1ALAJO"},"image":{"@id":"https:\/\/www.xn--quesospealajo-pkb.com\/#\/schema\/logo\/image\/"},"sameAs":["https:\/\/www.facebook.com\/p\/Quesos-PealajoQueso-Manchego-Artesano-100052597345109","https:\/\/www.instagram.com\/quesospenalajo\/"]}]}},"_links":{"self":[{"href":"https:\/\/www.xn--quesospealajo-pkb.com\/index.php\/wp-json\/wp\/v2\/pages\/1641","targetHints":{"allow":["GET"]}}],"collection":[{"href":"https:\/\/www.xn--quesospealajo-pkb.com\/index.php\/wp-json\/wp\/v2\/pages"}],"about":[{"href":"https:\/\/www.xn--quesospealajo-pkb.com\/index.php\/wp-json\/wp\/v2\/types\/page"}],"author":[{"embeddable":true,"href":"https:\/\/www.xn--quesospealajo-pkb.com\/index.php\/wp-json\/wp\/v2\/users\/1"}],"replies":[{"embeddable":true,"href":"https:\/\/www.xn--quesospealajo-pkb.com\/index.php\/wp-json\/wp\/v2\/comments?post=1641"}],"version-history":[{"count":4,"href":"https:\/\/www.xn--quesospealajo-pkb.com\/index.php\/wp-json\/wp\/v2\/pages\/1641\/revisions"}],"predecessor-version":[{"id":1645,"href":"https:\/\/www.xn--quesospealajo-pkb.com\/index.php\/wp-json\/wp\/v2\/pages\/1641\/revisions\/1645"}],"wp:attachment":[{"href":"https:\/\/www.xn--quesospealajo-pkb.com\/index.php\/wp-json\/wp\/v2\/media?parent=1641"}],"curies":[{"name":"wp","href":"https:\/\/api.w.org\/{rel}","templated":true}]}}